{"id":3834,"date":"2018-01-16T08:30:53","date_gmt":"2018-01-16T08:30:53","guid":{"rendered":"http:\/\/www.fineststaymarbella.com\/fsm-property-management\/"},"modified":"2018-03-06T10:04:27","modified_gmt":"2018-03-06T10:04:27","slug":"administradores-fincas-marbella","status":"publish","type":"page","link":"https:\/\/www.fineststaymarbella.com\/es\/administradores-fincas-marbella\/","title":{"rendered":"FSM ADMINISTRACI\u00d3N DE FINCAS"},"content":{"rendered":"<\/div><\/div><\/div><!-- close content main div --><\/div><\/div><div id='av_section_1' class='avia-section main_color avia-section-no-padding avia-no-border-styling av-parallax-section avia-bg-style-parallax   av-minimum-height av-minimum-height-custom container_wrap sidebar_right'  data-section-bg-repeat='no-repeat' ><div class='av-parallax' data-avia-parallax-ratio='0.3' ><div class='av-parallax-inner main_color  avia-full-stretch' style = 'background-repeat: no-repeat; background-image: url(https:\/\/www.fineststaymarbella.com\/wp-content\/uploads\/2018\/02\/FinestStay-real-estate-slider_3.jpg); background-attachment: scroll; background-position: center center; ' ><\/div><\/div><div class='container' style='height:500px'><div class='template-page content  av-content-small alpha units'><div class='post-entry post-entry-type-page post-entry-3834'><div class='entry-content-wrapper clearfix'>\n<div style='height:150px' class='hr hr-invisible  '><span class='hr-inner ' ><span class='hr-inner-style'><\/span><\/span><\/div>\n<\/div><\/div><\/div><!-- close content main div --><\/div><\/div><div id='after_section_1' class='main_color av_default_container_wrap container_wrap sidebar_right'   ><div class='container' ><div class='template-page content  av-content-small alpha units'><div class='post-entry post-entry-type-page post-entry-3834'><div class='entry-content-wrapper clearfix'>\n<\/div><\/div><\/div><!-- close content main div --><\/div><\/div><div id='av_section_2' class='avia-section main_color avia-section-default avia-no-shadow avia-bg-style-scroll   container_wrap sidebar_right'   ><div class='container' ><div class='template-page content  av-content-small alpha units'><div class='post-entry post-entry-type-page post-entry-3834'><div class='entry-content-wrapper clearfix'>\n<div style='height:50px' class='hr hr-invisible  '><span class='hr-inner ' ><span class='hr-inner-style'><\/span><\/span><\/div>\n<div style='padding-bottom:15px;color:#00758d;font-size:30px;' class='av-special-heading av-special-heading-h1 custom-color-heading blockquote modern-quote  av-inherit-size '><h1 class='av-special-heading-tag '  itemprop=\"headline\"  >FSM ADMINISTRACI\u00d3N DE FINCAS<\/h1><div class ='av-subheading av-subheading_below av_custom_color ' style='font-size:14px;'><p>La excelencia se encuentra en los detalles m\u00e1s peque\u00f1os<\/p>\n<\/div><div class='special-heading-border'><div class='special-heading-inner-border' style='border-color:#00758d'><\/div><\/div><\/div>\n<div style='height:50px' class='hr hr-invisible  '><span class='hr-inner ' ><span class='hr-inner-style'><\/span><\/span><\/div>\n<div class=\"flex_column av_one_half  flex_column_div av-zero-column-padding first  \" style='border-radius:0px; '><section class=\"av_textblock_section \"  itemscope=\"itemscope\" itemtype=\"https:\/\/schema.org\/CreativeWork\" ><div class='avia_textblock  '   itemprop=\"text\" ><p>En Finest Stay Marbella ofrecemos un servicio anual de administraci\u00f3n de fincas para todos aquellos clientes que desean asegurarse de que en su vivienda todo va sobre ruedas y funciona sin problemas.<\/p>\n<p>Asignamos a cada cliente un <strong>administrador de fincas personal<\/strong> que se encarga de:<\/p>\n<ul>\n<li>Conocer la vivienda y sus necesidades.<\/li>\n<li>Realizar visitas frecuentes.<\/li>\n<li>Coordinar y gestionar los trabajos de jardiner\u00eda, mantenimiento de piscinas y limpieza.<\/li>\n<li>Ponerle al d\u00eda de lo que ocurre en su vivienda (destacando cualquier incidente\/obra previsto\/a) mediante el env\u00edo de actualizaciones peri\u00f3dicas.<\/li>\n<\/ul>\n<p>Para facilitar la comunicaci\u00f3n, adem\u00e1s de enviarle actualizaciones peri\u00f3dicas, su administrador de fincas tambi\u00e9n organiza reuniones en persona durante todo el a\u00f1o para que usted pueda visitar la vivienda tranquilamente.<\/p>\n<h4><span style=\"color: #00758d;\">Administramos su vivienda.<\/span><\/h4>\n<p>A continuaci\u00f3n detallamos algunos de los servicios adicionales que ponemos a disposici\u00f3n de nuestros socios:<\/p>\n<ul>\n<li><strong>Preparamos la vivienda<\/strong> para su llegada.<\/li>\n<li>Llevamos a cabo <strong>inspecciones peri\u00f3dicas<\/strong> cuando est\u00e1 vac\u00eda.<\/li>\n<li>Realizamos <strong>inspecciones<\/strong> adicionales siempre que se haya producido cualquier <strong>fen\u00f3meno meteorol\u00f3gico extremo<\/strong>.<\/li>\n<li>Servimos de <strong>contacto<\/strong> para su proveedor de servicios de alarma.<\/li>\n<li><strong>Servicios de limpieza y mantenimiento<\/strong>.<\/li>\n<li>Coordinamos reparaciones y reformas.<\/li>\n<li>Gestionamos su mudanza y preparamos su nueva vivienda.<\/li>\n<\/ul>\n<p><a href=\"\/es\/contacto\/\">Contacte<\/a> con nosotros y le ayudaremos.<\/p>\n<\/div><\/section><\/div><div class=\"flex_column av_one_half  flex_column_div av-zero-column-padding   \" style='border-radius:0px; '><div class='avia-image-container  av-styling-no-styling    avia-align-center '  itemscope=\"itemscope\" itemtype=\"https:\/\/schema.org\/ImageObject\"  ><div class='avia-image-container-inner'><img class='avia_image ' src='https:\/\/www.fineststaymarbella.com\/wp-content\/uploads\/2018\/02\/FinestStay-property-management.jpg' alt='' title='FinestStay-property-management'   itemprop=\"thumbnailUrl\"  \/><\/div><\/div><\/div><\/div><\/div><\/div><!-- close content main div --><\/div><\/div><div id='after_section_2' class='main_color av_default_container_wrap container_wrap sidebar_right'   ><div class='container' ><div class='template-page content  av-content-small alpha units'><div class='post-entry post-entry-type-page post-entry-3834'><div class='entry-content-wrapper clearfix'><\/div><\/div><\/div><!-- close content main div --><\/div><\/div><div id='av_section_3' class='avia-section main_color avia-section-default avia-no-border-styling av-section-color-overlay-active avia-bg-style-scroll   container_wrap sidebar_right' style = 'background-color: #00768d; '  ><div class='av-section-color-overlay-wrap'><div class='av-section-color-overlay' style='opacity: 1; background-color: #00768d; '><\/div><div class='container' ><div class='template-page content  av-content-small alpha units'><div class='post-entry post-entry-type-page post-entry-3834'><div class='entry-content-wrapper clearfix'>\n<div class=\"flex_column av_one_fifth  flex_column_div av-zero-column-padding first  \" style='border-radius:0px; '><\/div><div class=\"flex_column av_three_fifth  flex_column_div av-zero-column-padding   \" style='border-radius:0px; '><section class=\"av_textblock_section \"  itemscope=\"itemscope\" itemtype=\"https:\/\/schema.org\/CreativeWork\" ><div class='avia_textblock  '  style='font-size:22px; '  itemprop=\"text\" ><p style=\"text-align: center;\"><span class=\"av_font_icon avia_animate_when_visible  av-icon-style-  avia-icon-pos-left \" style=\"color:#ffffff; border-color:#ffffff;\"><span class='av-icon-char' style='font-size:20px;line-height:20px;' aria-hidden='true' data-av_icon='\ue833' data-av_iconfont='entypo-fontello' ><\/span><\/span><br \/>\n<span style=\"color: #ffffff; ffont-size: 42pt;\">Su hogar lejos de casa es muy preciado; conf\u00ede en Finest Stay Marbella y nosotros nos encargaremos de todo.<\/span><\/p>\n<\/div><\/section><\/div><div class=\"flex_column av_one_fifth  flex_column_div av-zero-column-padding   \" style='border-radius:0px; '><\/div>\n<\/div><\/div><\/div><!-- close content main div --><\/div><\/div><\/div><div id='after_section_3' class='main_color av_default_container_wrap container_wrap sidebar_right'   ><div class='container' ><div class='template-page content  av-content-small alpha units'><div class='post-entry post-entry-type-page post-entry-3834'><div class='entry-content-wrapper clearfix'><\/p>\n<\/div><\/div><\/div><!-- close content main div --><\/div><\/div><div id='av_section_4' class='avia-section main_color avia-section-default avia-no-border-styling avia-bg-style-scroll   container_wrap sidebar_right'   ><div class='container' ><div class='template-page content  av-content-small alpha units'><div class='post-entry post-entry-type-page post-entry-3834'><div class='entry-content-wrapper clearfix'>\n<div class=\"flex_column av_one_half  flex_column_div av-zero-column-padding first  \" style='border-radius:0px; '><div class='avia-image-container  av-styling-no-styling    avia-align-center '  itemscope=\"itemscope\" itemtype=\"https:\/\/schema.org\/ImageObject\"  ><div class='avia-image-container-inner'><img class='avia_image ' src='https:\/\/www.fineststaymarbella.com\/wp-content\/uploads\/2018\/02\/FinestStay-property-management-pool-2.jpg' alt='' title='FinestStay-property-management-pool'   itemprop=\"thumbnailUrl\"  \/><\/div><\/div><\/div><div class=\"flex_column av_one_half  flex_column_div av-zero-column-padding   \" style='border-radius:0px; '><section class=\"av_textblock_section \"  itemscope=\"itemscope\" itemtype=\"https:\/\/schema.org\/CreativeWork\" ><div class='avia_textblock  '   itemprop=\"text\" ><h4><span style=\"color: #00758d;\">Gestionamos el alquiler de su vivienda.\u200b<\/span><\/h4>\n<p>Tanto si presta su vivienda vacacional a familiares o amigos como si la alquila a otras personas, realizar esta gesti\u00f3n desde fuera puede ser una tarea estresante y absorbente.<\/p>\n<p>Por experiencia, sabemos que uno de los secretos para que el alquiler de una vivienda sea un \u00e9xito y no nos cause problemas consiste en anticiparse a las necesidades de los hu\u00e9spedes.\u00a0 Por eso, realizamos una visita inicial con los miembros de nuestro Be Our Guest\u00a0Key Club para que puedan asegurarse de que su vivienda cuenta con todo lo necesario para que sus hu\u00e9spedes disfruten de una experiencia positiva. Tras dicha visita, le asesoramos y ayudamos a preparar la vivienda.<\/p>\n<p>Estos son algunos de los servicios que ofrecemos a nuestros socios:<\/p>\n<ul>\n<li><strong>Coordinamos la comunicaci\u00f3n con los hu\u00e9spedes<\/strong> y servimos de punto de contacto.<\/li>\n<li><strong>Preparamos la vivienda<\/strong> para la llegada de los hu\u00e9spedes.<\/li>\n<li><strong>Recogemos las llaves<\/strong> e inspeccionamos la vivienda <strong>a la salida de los hu\u00e9spedes<\/strong>.<\/li>\n<li>Coordinamos <strong>los servicios de limpieza<\/strong>.<\/li>\n<li><strong>Recibimos<\/strong> a los hu\u00e9spedes en la vivienda (y realizamos el cobro de la fianza).<\/li>\n<li>Prestamos <strong>servicios espec\u00edficos de reparaci\u00f3n y mantenimiento<\/strong> en caso de que sea necesario realizar trabajos imprevistos.<\/li>\n<li>Le ofrecemos asesoramiento para garantizar que la vivienda cumpla con los requisitos establecidos por la Junta de Andaluc\u00eda.<\/li>\n<\/ul>\n<p>En caso de duda o si desea que le asesoremos acerca de lo necesario para alquilar su vivienda, <a href=\"\/es\/contacto\/\">contacte<\/a> con nosotros hoy mismo para concertar una cita y realizar su primera consulta gratuita.<\/p>\n<\/div><\/section><\/div>\n<\/div><\/div><\/div><!-- close content main div --><\/div><\/div><div id='after_section_4' class='main_color av_default_container_wrap container_wrap sidebar_right'   ><div class='container' ><div class='template-page content  av-content-small alpha units'><div class='post-entry post-entry-type-page post-entry-3834'><div class='entry-content-wrapper clearfix'>\n","protected":false},"excerpt":{"rendered":"","protected":false},"author":1,"featured_media":0,"parent":0,"menu_order":0,"comment_status":"closed","ping_status":"closed","template":"","meta":{"footnotes":""},"class_list":["post-3834","page","type-page","status-publish","hentry"],"yoast_head":"<!-- This site is optimized with the Yoast SEO plugin v25.6 - https:\/\/yoast.com\/wordpress\/plugins\/seo\/ -->\n<title>Finest Stay Marbella - Management Costa del Sol<\/title>\n<meta name=\"description\" content=\"Finest Stay Marbella, ofrecemos un servicio anual de administraci\u00f3n de fincas para todos aquellos clientes que desean asegurarse de que en su vivienda todo va sobre ruedas y funciona sin problemas.\" \/>\n<meta name=\"robots\" content=\"index, follow, max-snippet:-1, max-image-preview:large, max-video-preview:-1\" \/>\n<link rel=\"canonical\" href=\"https:\/\/www.fineststaymarbella.com\/es\/administradores-fincas-marbella\/\" \/>\n<meta property=\"og:locale\" content=\"es_ES\" \/>\n<meta property=\"og:type\" content=\"article\" \/>\n<meta property=\"og:title\" content=\"Finest Stay Marbella - Management Costa del Sol\" \/>\n<meta property=\"og:description\" content=\"Finest Stay Marbella, ofrecemos un servicio anual de administraci\u00f3n de fincas para todos aquellos clientes que desean asegurarse de que en su vivienda todo va sobre ruedas y funciona sin problemas.\" \/>\n<meta property=\"og:url\" content=\"https:\/\/www.fineststaymarbella.com\/es\/administradores-fincas-marbella\/\" \/>\n<meta property=\"og:site_name\" content=\"Finest Stay\" \/>\n<meta property=\"article:publisher\" content=\"https:\/\/www.facebook.com\/fineststaymarbella\/\" \/>\n<meta property=\"article:modified_time\" content=\"2018-03-06T10:04:27+00:00\" \/>\n<meta name=\"twitter:card\" content=\"summary_large_image\" \/>\n<meta name=\"twitter:label1\" content=\"Tiempo de lectura\" \/>\n\t<meta name=\"twitter:data1\" content=\"8 minutos\" \/>\n<script type=\"application\/ld+json\" class=\"yoast-schema-graph\">{\"@context\":\"https:\/\/schema.org\",\"@graph\":[{\"@type\":\"WebPage\",\"@id\":\"https:\/\/www.fineststaymarbella.com\/es\/administradores-fincas-marbella\/\",\"url\":\"https:\/\/www.fineststaymarbella.com\/es\/administradores-fincas-marbella\/\",\"name\":\"Finest Stay Marbella - Management Costa del Sol\",\"isPartOf\":{\"@id\":\"https:\/\/www.fineststaymarbella.com\/es\/#website\"},\"datePublished\":\"2018-01-16T08:30:53+00:00\",\"dateModified\":\"2018-03-06T10:04:27+00:00\",\"description\":\"Finest Stay Marbella, ofrecemos un servicio anual de administraci\u00f3n de fincas para todos aquellos clientes que desean asegurarse de que en su vivienda todo va sobre ruedas y funciona sin problemas.\",\"breadcrumb\":{\"@id\":\"https:\/\/www.fineststaymarbella.com\/es\/administradores-fincas-marbella\/#breadcrumb\"},\"inLanguage\":\"es\",\"potentialAction\":[{\"@type\":\"ReadAction\",\"target\":[\"https:\/\/www.fineststaymarbella.com\/es\/administradores-fincas-marbella\/\"]}]},{\"@type\":\"BreadcrumbList\",\"@id\":\"https:\/\/www.fineststaymarbella.com\/es\/administradores-fincas-marbella\/#breadcrumb\",\"itemListElement\":[{\"@type\":\"ListItem\",\"position\":1,\"name\":\"Portada\",\"item\":\"https:\/\/www.fineststaymarbella.com\/es\/\"},{\"@type\":\"ListItem\",\"position\":2,\"name\":\"FSM ADMINISTRACI\u00d3N DE FINCAS\"}]},{\"@type\":\"WebSite\",\"@id\":\"https:\/\/www.fineststaymarbella.com\/es\/#website\",\"url\":\"https:\/\/www.fineststaymarbella.com\/es\/\",\"name\":\"Finest Stay\",\"description\":\"Real estate in Marbella\",\"potentialAction\":[{\"@type\":\"SearchAction\",\"target\":{\"@type\":\"EntryPoint\",\"urlTemplate\":\"https:\/\/www.fineststaymarbella.com\/es\/?s={search_term_string}\"},\"query-input\":{\"@type\":\"PropertyValueSpecification\",\"valueRequired\":true,\"valueName\":\"search_term_string\"}}],\"inLanguage\":\"es\"}]}<\/script>\n<!-- \/ Yoast SEO plugin. -->","yoast_head_json":{"title":"Finest Stay Marbella - Management Costa del Sol","description":"Finest Stay Marbella, ofrecemos un servicio anual de administraci\u00f3n de fincas para todos aquellos clientes que desean asegurarse de que en su vivienda todo va sobre ruedas y funciona sin problemas.","robots":{"index":"index","follow":"follow","max-snippet":"max-snippet:-1","max-image-preview":"max-image-preview:large","max-video-preview":"max-video-preview:-1"},"canonical":"https:\/\/www.fineststaymarbella.com\/es\/administradores-fincas-marbella\/","og_locale":"es_ES","og_type":"article","og_title":"Finest Stay Marbella - Management Costa del Sol","og_description":"Finest Stay Marbella, ofrecemos un servicio anual de administraci\u00f3n de fincas para todos aquellos clientes que desean asegurarse de que en su vivienda todo va sobre ruedas y funciona sin problemas.","og_url":"https:\/\/www.fineststaymarbella.com\/es\/administradores-fincas-marbella\/","og_site_name":"Finest Stay","article_publisher":"https:\/\/www.facebook.com\/fineststaymarbella\/","article_modified_time":"2018-03-06T10:04:27+00:00","twitter_card":"summary_large_image","twitter_misc":{"Tiempo de lectura":"8 minutos"},"schema":{"@context":"https:\/\/schema.org","@graph":[{"@type":"WebPage","@id":"https:\/\/www.fineststaymarbella.com\/es\/administradores-fincas-marbella\/","url":"https:\/\/www.fineststaymarbella.com\/es\/administradores-fincas-marbella\/","name":"Finest Stay Marbella - Management Costa del Sol","isPartOf":{"@id":"https:\/\/www.fineststaymarbella.com\/es\/#website"},"datePublished":"2018-01-16T08:30:53+00:00","dateModified":"2018-03-06T10:04:27+00:00","description":"Finest Stay Marbella, ofrecemos un servicio anual de administraci\u00f3n de fincas para todos aquellos clientes que desean asegurarse de que en su vivienda todo va sobre ruedas y funciona sin problemas.","breadcrumb":{"@id":"https:\/\/www.fineststaymarbella.com\/es\/administradores-fincas-marbella\/#breadcrumb"},"inLanguage":"es","potentialAction":[{"@type":"ReadAction","target":["https:\/\/www.fineststaymarbella.com\/es\/administradores-fincas-marbella\/"]}]},{"@type":"BreadcrumbList","@id":"https:\/\/www.fineststaymarbella.com\/es\/administradores-fincas-marbella\/#breadcrumb","itemListElement":[{"@type":"ListItem","position":1,"name":"Portada","item":"https:\/\/www.fineststaymarbella.com\/es\/"},{"@type":"ListItem","position":2,"name":"FSM ADMINISTRACI\u00d3N DE FINCAS"}]},{"@type":"WebSite","@id":"https:\/\/www.fineststaymarbella.com\/es\/#website","url":"https:\/\/www.fineststaymarbella.com\/es\/","name":"Finest Stay","description":"Real estate in Marbella","potentialAction":[{"@type":"SearchAction","target":{"@type":"EntryPoint","urlTemplate":"https:\/\/www.fineststaymarbella.com\/es\/?s={search_term_string}"},"query-input":{"@type":"PropertyValueSpecification","valueRequired":true,"valueName":"search_term_string"}}],"inLanguage":"es"}]}},"_links":{"self":[{"href":"https:\/\/www.fineststaymarbella.com\/es\/wp-json\/wp\/v2\/pages\/3834"}],"collection":[{"href":"https:\/\/www.fineststaymarbella.com\/es\/wp-json\/wp\/v2\/pages"}],"about":[{"href":"https:\/\/www.fineststaymarbella.com\/es\/wp-json\/wp\/v2\/types\/page"}],"author":[{"embeddable":true,"href":"https:\/\/www.fineststaymarbella.com\/es\/wp-json\/wp\/v2\/users\/1"}],"replies":[{"embeddable":true,"href":"https:\/\/www.fineststaymarbella.com\/es\/wp-json\/wp\/v2\/comments?post=3834"}],"version-history":[{"count":9,"href":"https:\/\/www.fineststaymarbella.com\/es\/wp-json\/wp\/v2\/pages\/3834\/revisions"}],"predecessor-version":[{"id":4105,"href":"https:\/\/www.fineststaymarbella.com\/es\/wp-json\/wp\/v2\/pages\/3834\/revisions\/4105"}],"wp:attachment":[{"href":"https:\/\/www.fineststaymarbella.com\/es\/wp-json\/wp\/v2\/media?parent=3834"}],"curies":[{"name":"wp","href":"https:\/\/api.w.org\/{rel}","templated":true}]}}