{"id":3838,"date":"2017-02-07T14:05:33","date_gmt":"2017-02-07T14:05:33","guid":{"rendered":"http:\/\/www.fineststaymarbella.com\/highlights\/"},"modified":"2018-02-23T13:27:10","modified_gmt":"2018-02-23T13:27:10","slug":"destacados","status":"publish","type":"page","link":"https:\/\/www.fineststaymarbella.com\/es\/destacados\/","title":{"rendered":"DESTACADOS"},"content":{"rendered":"<\/div><\/div><\/div><!-- close content main div --><\/div><\/div><div id='av_section_1' class='avia-section main_color avia-section-huge avia-no-shadow avia-full-stretch av-parallax-section avia-bg-style-parallax   av-minimum-height av-minimum-height-custom container_wrap sidebar_right'  data-section-bg-repeat='stretch' ><div class='av-parallax' data-avia-parallax-ratio='0.3' ><div class='av-parallax-inner main_color  avia-full-stretch' style = 'background-repeat: no-repeat; background-image: url(https:\/\/www.fineststaymarbella.com\/wp-content\/uploads\/2018\/01\/man-791049_1920-1500x1000.jpg); background-attachment: scroll; background-position: center right; ' ><\/div><\/div><div class='container' style='height:500px'><div class='template-page content  av-content-small alpha units'><div class='post-entry post-entry-type-page post-entry-3838'><div class='entry-content-wrapper clearfix'><\/div><\/div><\/div><!-- close content main div --><\/div><\/div><div id='after_section_1' class='main_color av_default_container_wrap container_wrap sidebar_right'   ><div class='container' ><div class='template-page content  av-content-small alpha units'><div class='post-entry post-entry-type-page post-entry-3838'><div class='entry-content-wrapper clearfix'>\n<\/div><\/div><\/div><!-- close content main div --><\/div><\/div><div id='av_section_2' class='avia-section main_color avia-section-default avia-no-shadow avia-bg-style-scroll   container_wrap sidebar_right'   ><div class='container' ><div class='template-page content  av-content-small alpha units'><div class='post-entry post-entry-type-page post-entry-3838'><div class='entry-content-wrapper clearfix'>\n<div style='padding-bottom:10px;' class='av-special-heading av-special-heading-h1  blockquote modern-quote  '><h1 class='av-special-heading-tag '  itemprop=\"headline\"  >Destacados<\/h1><div class='special-heading-border'><div class='special-heading-inner-border' ><\/div><\/div><\/div>\n<section class=\"av_textblock_section \"  itemscope=\"itemscope\" itemtype=\"https:\/\/schema.org\/CreativeWork\" ><div class='avia_textblock  '   itemprop=\"text\" ><p>A continuaci\u00f3n encontrar\u00e1 art\u00edculos y detalles de nuestros Proyectos, nuestras \u00c1reas, nuestra Gesti\u00f3n FSM y nuestra inmobiliaria.<\/p>\n<\/div><\/section>\n<div style='height:50px' class='hr hr-invisible  '><span class='hr-inner ' ><span class='hr-inner-style'><\/span><\/span><\/div>\n<div class=' grid-sort-container isotope   no_margin-container with-excerpt-container grid-total-even grid-col-1 grid-links-' data-portfolio-id='1'><div data-ajax-id='4431' class=' grid-entry flex_column isotope-item all_sort no_margin post-entry post-entry-4431 grid-entry-overview grid-loop-1 grid-parity-odd  destacados_sort  av_fullwidth first special_av_fullwidth '><article class='main_color inner-entry'  itemscope=\"itemscope\" itemtype=\"https:\/\/schema.org\/CreativeWork\" ><div class='av_table_col first portfolio-entry grid-content'><header class=\"entry-content-header\"><h2 class='portfolio-grid-title entry-title'  itemprop=\"headline\" ><a href='https:\/\/www.fineststaymarbella.com\/es\/portfolio-item\/whymarbellaismoreattractivethanever\/'>Why Marbella is more attractive than ever in a time of COVID-19<\/a><\/h2><\/header><div class=\"avia-arrow\"><\/div><\/div><div class='av_table_col portfolio-grid-image'><a href='https:\/\/www.fineststaymarbella.com\/es\/portfolio-item\/whymarbellaismoreattractivethanever\/' title='Why Marbella is more attractive than ever in a time of COVID-19'  data-rel='grid-1' class='grid-image avia-hover-fx'><img loading=\"lazy\" decoding=\"async\" width=\"526\" height=\"275\" src=\"https:\/\/www.fineststaymarbella.com\/wp-content\/uploads\/2020\/06\/Villa-Leige.jpg\" class=\"attachment-featured size-featured wp-post-image\" alt=\"\" srcset=\"https:\/\/www.fineststaymarbella.com\/wp-content\/uploads\/2020\/06\/Villa-Leige.jpg 526w, https:\/\/www.fineststaymarbella.com\/wp-content\/uploads\/2020\/06\/Villa-Leige-450x235.jpg 450w\" sizes=\"(max-width: 526px) 100vw, 526px\" \/><\/a><\/div><footer class=\"entry-footer\"><\/footer><\/article><\/div><div data-ajax-id='4250' class=' grid-entry flex_column isotope-item all_sort no_margin post-entry post-entry-4250 grid-entry-overview grid-loop-2 grid-parity-even  post-entry-last  destacados_sort  av_fullwidth first special_av_fullwidth '><article class='main_color inner-entry'  itemscope=\"itemscope\" itemtype=\"https:\/\/schema.org\/CreativeWork\" ><div class='av_table_col first portfolio-entry grid-content'><header class=\"entry-content-header\"><h2 class='portfolio-grid-title entry-title'  itemprop=\"headline\" ><a href='https:\/\/www.fineststaymarbella.com\/es\/portfolio-item\/top-5-golf-courses-in-marbella\/'>Top 5 Campos de Gold en Marbella<\/a><\/h2><\/header><div class='entry-content-wrapper'><div class='grid-entry-excerpt entry-content'  itemprop=\"text\" >Your Marbella trip will not be complete unless you visit some of their exquisite golf courses. Whether you\u2019re on a business trip or a short week-end break combining city life with a round of golf is the icing on the cake.<\/div><\/div><div class=\"avia-arrow\"><\/div><\/div><div class='av_table_col portfolio-grid-image'><a href='https:\/\/www.fineststaymarbella.com\/es\/portfolio-item\/top-5-golf-courses-in-marbella\/' title='Top 5 Campos de Gold en Marbella'  data-rel='grid-1' class='grid-image avia-hover-fx'><img loading=\"lazy\" decoding=\"async\" width=\"1280\" height=\"430\" src=\"https:\/\/www.fineststaymarbella.com\/wp-content\/uploads\/2018\/04\/laquinta-1280x430.jpeg\" class=\"attachment-featured size-featured wp-post-image\" alt=\"La Quinta Golf Club\" \/><\/a><\/div><footer class=\"entry-footer\"><\/footer><\/article><\/div><\/div>\n<\/div><\/div><\/div><!-- close content main div --><\/div><\/div><div id='after_section_2' class='main_color av_default_container_wrap container_wrap sidebar_right'   ><div class='container' ><div class='template-page content  av-content-small alpha units'><div class='post-entry post-entry-type-page post-entry-3838'><div class='entry-content-wrapper clearfix'>\n","protected":false},"excerpt":{"rendered":"","protected":false},"author":1,"featured_media":0,"parent":0,"menu_order":0,"comment_status":"closed","ping_status":"closed","template":"","meta":{"footnotes":""},"class_list":["post-3838","page","type-page","status-publish","hentry"],"yoast_head":"<!-- This site is optimized with the Yoast SEO plugin v25.6 - https:\/\/yoast.com\/wordpress\/plugins\/seo\/ -->\n<title>Finest Stay Marbella - Our Hightlights, our projects<\/title>\n<meta name=\"description\" content=\"Below you will find articles and insights of our Proyects, our Area, our FSM Management and FSM Real Estate, our Hightlights\" \/>\n<meta name=\"robots\" content=\"index, follow, max-snippet:-1, max-image-preview:large, max-video-preview:-1\" \/>\n<link rel=\"canonical\" href=\"https:\/\/www.fineststaymarbella.com\/es\/destacados\/\" \/>\n<meta property=\"og:locale\" content=\"es_ES\" \/>\n<meta property=\"og:type\" content=\"article\" \/>\n<meta property=\"og:title\" content=\"Finest Stay Marbella - Our Hightlights, our projects\" \/>\n<meta property=\"og:description\" content=\"Below you will find articles and insights of our Proyects, our Area, our FSM Management and FSM Real Estate, our Hightlights\" \/>\n<meta property=\"og:url\" content=\"https:\/\/www.fineststaymarbella.com\/es\/destacados\/\" \/>\n<meta property=\"og:site_name\" content=\"Finest Stay\" \/>\n<meta property=\"article:publisher\" content=\"https:\/\/www.facebook.com\/fineststaymarbella\/\" \/>\n<meta property=\"article:modified_time\" content=\"2018-02-23T13:27:10+00:00\" \/>\n<meta name=\"twitter:card\" content=\"summary_large_image\" \/>\n<meta name=\"twitter:label1\" content=\"Tiempo de lectura\" \/>\n\t<meta name=\"twitter:data1\" content=\"2 minutos\" \/>\n<script type=\"application\/ld+json\" class=\"yoast-schema-graph\">{\"@context\":\"https:\/\/schema.org\",\"@graph\":[{\"@type\":\"WebPage\",\"@id\":\"https:\/\/www.fineststaymarbella.com\/es\/destacados\/\",\"url\":\"https:\/\/www.fineststaymarbella.com\/es\/destacados\/\",\"name\":\"Finest Stay Marbella - Our Hightlights, our projects\",\"isPartOf\":{\"@id\":\"https:\/\/www.fineststaymarbella.com\/es\/#website\"},\"datePublished\":\"2017-02-07T14:05:33+00:00\",\"dateModified\":\"2018-02-23T13:27:10+00:00\",\"description\":\"Below you will find articles and insights of our Proyects, our Area, our FSM Management and FSM Real Estate, our Hightlights\",\"breadcrumb\":{\"@id\":\"https:\/\/www.fineststaymarbella.com\/es\/destacados\/#breadcrumb\"},\"inLanguage\":\"es\",\"potentialAction\":[{\"@type\":\"ReadAction\",\"target\":[\"https:\/\/www.fineststaymarbella.com\/es\/destacados\/\"]}]},{\"@type\":\"BreadcrumbList\",\"@id\":\"https:\/\/www.fineststaymarbella.com\/es\/destacados\/#breadcrumb\",\"itemListElement\":[{\"@type\":\"ListItem\",\"position\":1,\"name\":\"Portada\",\"item\":\"https:\/\/www.fineststaymarbella.com\/es\/\"},{\"@type\":\"ListItem\",\"position\":2,\"name\":\"DESTACADOS\"}]},{\"@type\":\"WebSite\",\"@id\":\"https:\/\/www.fineststaymarbella.com\/es\/#website\",\"url\":\"https:\/\/www.fineststaymarbella.com\/es\/\",\"name\":\"Finest Stay\",\"description\":\"Real estate in Marbella\",\"potentialAction\":[{\"@type\":\"SearchAction\",\"target\":{\"@type\":\"EntryPoint\",\"urlTemplate\":\"https:\/\/www.fineststaymarbella.com\/es\/?s={search_term_string}\"},\"query-input\":{\"@type\":\"PropertyValueSpecification\",\"valueRequired\":true,\"valueName\":\"search_term_string\"}}],\"inLanguage\":\"es\"}]}<\/script>\n<!-- \/ Yoast SEO plugin. -->","yoast_head_json":{"title":"Finest Stay Marbella - Our Hightlights, our projects","description":"Below you will find articles and insights of our Proyects, our Area, our FSM Management and FSM Real Estate, our Hightlights","robots":{"index":"index","follow":"follow","max-snippet":"max-snippet:-1","max-image-preview":"max-image-preview:large","max-video-preview":"max-video-preview:-1"},"canonical":"https:\/\/www.fineststaymarbella.com\/es\/destacados\/","og_locale":"es_ES","og_type":"article","og_title":"Finest Stay Marbella - Our Hightlights, our projects","og_description":"Below you will find articles and insights of our Proyects, our Area, our FSM Management and FSM Real Estate, our Hightlights","og_url":"https:\/\/www.fineststaymarbella.com\/es\/destacados\/","og_site_name":"Finest Stay","article_publisher":"https:\/\/www.facebook.com\/fineststaymarbella\/","article_modified_time":"2018-02-23T13:27:10+00:00","twitter_card":"summary_large_image","twitter_misc":{"Tiempo de lectura":"2 minutos"},"schema":{"@context":"https:\/\/schema.org","@graph":[{"@type":"WebPage","@id":"https:\/\/www.fineststaymarbella.com\/es\/destacados\/","url":"https:\/\/www.fineststaymarbella.com\/es\/destacados\/","name":"Finest Stay Marbella - Our Hightlights, our projects","isPartOf":{"@id":"https:\/\/www.fineststaymarbella.com\/es\/#website"},"datePublished":"2017-02-07T14:05:33+00:00","dateModified":"2018-02-23T13:27:10+00:00","description":"Below you will find articles and insights of our Proyects, our Area, our FSM Management and FSM Real Estate, our Hightlights","breadcrumb":{"@id":"https:\/\/www.fineststaymarbella.com\/es\/destacados\/#breadcrumb"},"inLanguage":"es","potentialAction":[{"@type":"ReadAction","target":["https:\/\/www.fineststaymarbella.com\/es\/destacados\/"]}]},{"@type":"BreadcrumbList","@id":"https:\/\/www.fineststaymarbella.com\/es\/destacados\/#breadcrumb","itemListElement":[{"@type":"ListItem","position":1,"name":"Portada","item":"https:\/\/www.fineststaymarbella.com\/es\/"},{"@type":"ListItem","position":2,"name":"DESTACADOS"}]},{"@type":"WebSite","@id":"https:\/\/www.fineststaymarbella.com\/es\/#website","url":"https:\/\/www.fineststaymarbella.com\/es\/","name":"Finest Stay","description":"Real estate in Marbella","potentialAction":[{"@type":"SearchAction","target":{"@type":"EntryPoint","urlTemplate":"https:\/\/www.fineststaymarbella.com\/es\/?s={search_term_string}"},"query-input":{"@type":"PropertyValueSpecification","valueRequired":true,"valueName":"search_term_string"}}],"inLanguage":"es"}]}},"_links":{"self":[{"href":"https:\/\/www.fineststaymarbella.com\/es\/wp-json\/wp\/v2\/pages\/3838"}],"collection":[{"href":"https:\/\/www.fineststaymarbella.com\/es\/wp-json\/wp\/v2\/pages"}],"about":[{"href":"https:\/\/www.fineststaymarbella.com\/es\/wp-json\/wp\/v2\/types\/page"}],"author":[{"embeddable":true,"href":"https:\/\/www.fineststaymarbella.com\/es\/wp-json\/wp\/v2\/users\/1"}],"replies":[{"embeddable":true,"href":"https:\/\/www.fineststaymarbella.com\/es\/wp-json\/wp\/v2\/comments?post=3838"}],"version-history":[{"count":5,"href":"https:\/\/www.fineststaymarbella.com\/es\/wp-json\/wp\/v2\/pages\/3838\/revisions"}],"predecessor-version":[{"id":4194,"href":"https:\/\/www.fineststaymarbella.com\/es\/wp-json\/wp\/v2\/pages\/3838\/revisions\/4194"}],"wp:attachment":[{"href":"https:\/\/www.fineststaymarbella.com\/es\/wp-json\/wp\/v2\/media?parent=3838"}],"curies":[{"name":"wp","href":"https:\/\/api.w.org\/{rel}","templated":true}]}}