{"id":3850,"date":"2018-02-09T07:27:41","date_gmt":"2018-02-09T07:27:41","guid":{"rendered":"http:\/\/www.fineststaymarbella.com\/project-management\/"},"modified":"2018-03-06T10:00:52","modified_gmt":"2018-03-06T10:00:52","slug":"gestion-de-proyectos","status":"publish","type":"page","link":"https:\/\/www.fineststaymarbella.com\/es\/gestion-de-proyectos\/","title":{"rendered":"GESTI\u00d3N DEL PROYECTO FSM"},"content":{"rendered":"<\/div><\/div><\/div><!-- close content main div --><\/div><\/div><div id='av_section_1' class='avia-section main_color avia-section-no-padding avia-no-border-styling av-parallax-section avia-bg-style-parallax   av-minimum-height av-minimum-height-custom container_wrap sidebar_right'  data-section-bg-repeat='no-repeat' ><div class='av-parallax' data-avia-parallax-ratio='0.3' ><div class='av-parallax-inner main_color  avia-full-stretch' style = 'background-repeat: no-repeat; background-image: url(https:\/\/www.fineststaymarbella.com\/wp-content\/uploads\/2018\/02\/FinestStay-project-managment_slider.jpg); background-attachment: scroll; background-position: center center; ' ><\/div><\/div><div class='container' style='height:500px'><div class='template-page content  av-content-small alpha units'><div class='post-entry post-entry-type-page post-entry-3850'><div class='entry-content-wrapper clearfix'>\n<div style='height:150px' class='hr hr-invisible  '><span class='hr-inner ' ><span class='hr-inner-style'><\/span><\/span><\/div>\n<\/div><\/div><\/div><!-- close content main div --><\/div><\/div><div id='after_section_1' class='main_color av_default_container_wrap container_wrap sidebar_right'   ><div class='container' ><div class='template-page content  av-content-small alpha units'><div class='post-entry post-entry-type-page post-entry-3850'><div class='entry-content-wrapper clearfix'>\n<\/div><\/div><\/div><!-- close content main div --><\/div><\/div><div id='av_section_2' class='avia-section main_color avia-section-default avia-no-shadow avia-bg-style-scroll   container_wrap sidebar_right'   ><div class='container' ><div class='template-page content  av-content-small alpha units'><div class='post-entry post-entry-type-page post-entry-3850'><div class='entry-content-wrapper clearfix'>\n<div class=\"flex_column av_one_full  flex_column_div av-zero-column-padding first  \" style='border-radius:0px; '><p><div style='height:25px' class='hr hr-invisible  '><span class='hr-inner ' ><span class='hr-inner-style'><\/span><\/span><\/div><br \/>\n<div style='padding-bottom:15px;color:#00758d;font-size:30px;' class='av-special-heading av-special-heading-h1 custom-color-heading blockquote modern-quote  av-inherit-size '><h1 class='av-special-heading-tag '  itemprop=\"headline\"  >GESTI\u00d3N DEL PROYECTO FSM<\/h1><div class='special-heading-border'><div class='special-heading-inner-border' style='border-color:#00758d'><\/div><\/div><\/div><\/p><\/div><div class=\"flex_column av_one_half  flex_column_div av-zero-column-padding first  \" style='border-radius:0px; '><section class=\"av_textblock_section \"  itemscope=\"itemscope\" itemtype=\"https:\/\/schema.org\/CreativeWork\" ><div class='avia_textblock  '   itemprop=\"text\" ><p>Ya sea que est\u00e9 buscando renovar o simplemente airear su casa de vacaciones,\u00a0<strong>Finest Stay Marbella<\/strong>\u00a0ser\u00e1 su socio sobre el terreno.\u00a0Realizamos la\u00a0<strong>gesti\u00f3n del trabajo de\u00a0renovaci\u00f3n\u00a0y\u00a0dise\u00f1o<\/strong> para asegurar que se realice en un tiempo establecido, sea rentable\u00a0y la calidad\u00a0se\u00a0mantenga\u00a0constantemente.<\/p>\n<p><strong>Las renovaciones de propiedades<\/strong>, la construcci\u00f3n y el trabajo de dise\u00f1o pueden llevar\u00a0mucho tiempo\u00a0y ser\u00a0desalentadores\u00a0cuando se trata de supervisar el proceso desde el exterior. Atenuaremos estas preocupaciones.\u00a0Coordinaremos toda la informaci\u00f3n del proyecto (presupuesto, dise\u00f1o, planificaci\u00f3n)\u00a0en nombre de nuestros clientes para facilitar la toma de decisiones del propietario\u00a0.Ofrecemos duraciones determinadas y minuciosas\u00a0actualizaciones\u00a0para asegurar que las expectativas del proyecto y los plazos se cumplan.<\/p>\n<p>A continuaci\u00f3n se muestra una selecci\u00f3n de los servicios que ofrecemos:<\/p>\n<ul>\n<li>Proponer\u00a0<strong>dise\u00f1os<\/strong>\u00a0y\u00a0nuevos planos de distribuci\u00f3n\u00a0para la mejora del potencial de la propiedad<\/li>\n<li>Actualizar la propiedad para vender\u00a0seg\u00fan la demanda actual del mercado<\/li>\n<li>Seleccionar\u00a0y coordinar\u00a0profesionales de una red de expertos de confianza.<\/li>\n<li>Supervisar la oferta\u00a0y\u00a0el proceso de la propuesta para garantizar un trabajo rentable y de calidad<\/li>\n<li>Aprovisionamiento de materiales de construcci\u00f3n y acabados\u00a0y coordinaci\u00f3n de todas las compras<\/li>\n<li>Llevar a cabo inspecciones diarias en el sitio para garantizar que se respeten los plazos del proyecto\u00a0y\u00a0expectativas de alta calidad<\/li>\n<\/ul>\n<p>Cont\u00e1ctenos hoy para concertar una\u00a0consulta inicial gratuita.\u00a0Perm\u00edtanos hacer\u00a0<strong>su visi\u00f3n una realidad<\/strong>.<\/p>\n<\/div><\/section><\/div><div class=\"flex_column av_one_half  flex_column_div av-zero-column-padding   \" style='border-radius:0px; '><div class='avia-image-container  av-styling-    avia-align-center '  itemscope=\"itemscope\" itemtype=\"https:\/\/schema.org\/ImageObject\"  ><div class='avia-image-container-inner'><img class='avia_image ' src='https:\/\/www.fineststaymarbella.com\/wp-content\/uploads\/2018\/02\/FinestStay-project-managment_st.jpg' alt='' title='FinestStay-project-managment_st'   itemprop=\"thumbnailUrl\"  \/><\/div><\/div><\/div><\/div><\/div><\/div><!-- close content main div --><\/div><\/div><div id='after_section_2' class='main_color av_default_container_wrap container_wrap sidebar_right'   ><div class='container' ><div class='template-page content  av-content-small alpha units'><div class='post-entry post-entry-type-page post-entry-3850'><div class='entry-content-wrapper clearfix'><\/div><\/div><\/div><!-- close content main div --><\/div><\/div><div id='newsletter' class='avia-section main_color avia-section-huge avia-no-border-styling avia-full-stretch av-parallax-section av-section-color-overlay-active avia-bg-style-parallax   container_wrap sidebar_right'  data-section-bg-repeat='stretch' ><div class='av-parallax' data-avia-parallax-ratio='0.3' ><div class='av-parallax-inner main_color  avia-full-stretch' style = 'background-repeat: no-repeat; background-image: url(https:\/\/www.fineststaymarbella.com\/wp-content\/uploads\/2018\/02\/FinestStay-project-managment_contact-1500x1000.jpg); background-attachment: scroll; background-position: center center; ' ><\/div><\/div><div class='av-section-color-overlay-wrap'><div class='av-section-color-overlay' style='opacity: 0.5; background-color: #ffffff; '><\/div><div class='container' ><div class='template-page content  av-content-small alpha units'><div class='post-entry post-entry-type-page post-entry-3850'><div class='entry-content-wrapper clearfix'>\n<div style='height:50px' class='hr hr-invisible  '><span class='hr-inner ' ><span class='hr-inner-style'><\/span><\/span><\/div>\n<div class=\"flex_column av_one_fifth  av-animated-generic fade-in  flex_column_div av-zero-column-padding first  \" style='border-radius:0px; '><\/div><div class=\"flex_column av_three_fifth  av-animated-generic fade-in  flex_column_div   \" style='border-width:1px; border-color:#e8e8e8; border-style:solid; padding:70px; background-color:rgba(255,255,255,0.84); border-radius:0px; '><p><div style='padding-bottom:20px;color:#00758d;font-size:40px;' class='av-special-heading av-special-heading-h1 custom-color-heading blockquote modern-quote modern-centered  av-inherit-size '><h1 class='av-special-heading-tag '  itemprop=\"headline\"  >\u00bfC\u00f3mo podemos ayudarle?<\/h1><div class='special-heading-border'><div class='special-heading-inner-border' style='border-color:#00758d'><\/div><\/div><\/div><br \/>\n<section class=\"av_textblock_section \"  itemscope=\"itemscope\" itemtype=\"https:\/\/schema.org\/CreativeWork\" ><div class='avia_textblock  '   itemprop=\"text\" ><p>Por favor p\u00f3ngase en contacto con nosotros hoy para cualquier duda o para concertar una primera cita gratuita.<\/p>\n<\/div><\/section><br \/>\n<section class=\"av_textblock_section \"  itemscope=\"itemscope\" itemtype=\"https:\/\/schema.org\/CreativeWork\" ><div class='avia_textblock  '   itemprop=\"text\" ><div class=\"frm_forms  with_frm_style frm_style_formidable-style\" id=\"frm_form_5_container\" >\n<form enctype=\"multipart\/form-data\" method=\"post\" class=\"frm-show-form  frm_pro_form \" id=\"form_ehlt6\" >\n<div class=\"frm_form_fields \">\n<fieldset>\n<legend class=\"frm_screen_reader\">Contacte con nosotros - index<\/legend>\r\n\r\n<div class=\"frm_fields_container\">\n<input type=\"hidden\" name=\"frm_action\" value=\"create\" \/>\n<input type=\"hidden\" name=\"form_id\" value=\"5\" \/>\n<input type=\"hidden\" name=\"frm_hide_fields_5\" id=\"frm_hide_fields_5\" value=\"\" \/>\n<input type=\"hidden\" name=\"form_key\" value=\"ehlt6\" \/>\n<input type=\"hidden\" name=\"item_meta[0]\" value=\"\" \/>\n<input type=\"hidden\" id=\"frm_submit_entry_5\" name=\"frm_submit_entry_5\" value=\"0dfba7721c\" \/><input type=\"hidden\" name=\"_wp_http_referer\" value=\"\/es\/wp-json\/wp\/v2\/pages\/3850\" \/><div id=\"frm_field_19_container\" class=\"frm_form_field form-field  frm_required_field frm_none_container\">\r\n    <label for=\"field_rj0y8\" class=\"frm_primary_label\">Texto\r\n        <span class=\"frm_required\">*<\/span>\r\n    <\/label>\r\n    <input type=\"text\" id=\"field_rj0y8\" name=\"item_meta[19]\" value=\"\"  placeholder=\"Nombre completo *\" data-reqmsg=\"Este campo no puede estar en blanco.\" aria-required=\"true\" data-invmsg=\"Texto no es v\u00e1lido\" aria-invalid=\"false\"  \/>\r\n    \r\n    \r\n<\/div>\n<div id=\"frm_field_20_container\" class=\"frm_form_field form-field  frm_required_field frm_none_container\">\r\n    <label for=\"field_aiedd\" class=\"frm_primary_label\">Texto\r\n        <span class=\"frm_required\">*<\/span>\r\n    <\/label>\r\n    <input type=\"text\" id=\"field_aiedd\" name=\"item_meta[20]\" value=\"\"  placeholder=\"Email\" data-reqmsg=\"Este campo no puede estar en blanco.\" aria-required=\"true\" data-invmsg=\"Texto no es v\u00e1lido\" aria-invalid=\"false\"  \/>\r\n    \r\n    \r\n<\/div>\n<div id=\"frm_field_21_container\" class=\"frm_form_field form-field  frm_required_field frm_none_container\">\r\n    <label for=\"field_u96cu\" class=\"frm_primary_label\">Mensaje\r\n        <span class=\"frm_required\">*<\/span>\r\n    <\/label>\r\n    <textarea name=\"item_meta[21]\" id=\"field_u96cu\" rows=\"5\"  placeholder=\"Mensaje *\" data-reqmsg=\"Este campo no puede estar en blanco.\" aria-required=\"true\" data-invmsg=\"Mensaje no es v\u00e1lido\" aria-invalid=\"false\"  ><\/textarea>\r\n    \r\n    \r\n<\/div>\n<div id=\"frm_field_22_container\" class=\"frm_form_field form-field  frm_none_container\">\r\n    <label  class=\"frm_primary_label\">reCAPTCHA\r\n        <span class=\"frm_required\"><\/span>\r\n    <\/label>\r\n    <div  id=\"field_cj0sn\" class=\"g-recaptcha\" data-sitekey=\"6LcwKEgUAAAAALq2tjM3JT4gqgkIe7vI2PoNnlIH\" data-size=\"normal\" data-theme=\"light\"><\/div>\r\n    \r\n    \r\n<\/div>\n<div id=\"frm_field_23_container\" class=\"frm_form_field form-field  frm_required_field frm_top_container vertical_radio\">\r\n    <label for=\"field_qadu\" class=\"frm_primary_label\">&nbsp\r\n        <span class=\"frm_required\"><\/span>\r\n    <\/label>\r\n    <div class=\"frm_opt_container\">\t\t<div class=\"frm_checkbox\" id=\"frm_checkbox_23-0\">\t\t\t<label  for=\"field_qadu-0\">\n\t\t\t<input type=\"checkbox\" name=\"item_meta[23][]\" id=\"field_qadu-0\" value=\"Acepto las &lt;a href=&quot;\/es\/terminos-condiciones\/&quot; target=&quot;_blank&quot; &gt;Condiciones Generales&lt;\/a&gt;\"  data-reqmsg=\"Por favor acepte las Condiciones\" data-invmsg=\"&amp;nbsp no es v\u00e1lido\"   aria-required=\"true\"  \/> Acepto las <a href=\"\/es\/terminos-condiciones\/\" target=\"_blank\">Condiciones Generales<\/a><\/label><\/div>\n<\/div>\r\n    \r\n    \r\n<\/div>\n\t<input type=\"hidden\" name=\"item_key\" value=\"\" \/>\n\t\t\t<div id=\"frm_field_112_container\">\n\t\t\t<label for=\"field_x2cd1\" >\n\t\t\t\tSi eres humano, deja este campo en blanco.\t\t\t<\/label>\n\t\t\t<input  id=\"field_x2cd1\" type=\"text\" class=\"frm_form_field form-field frm_verify\" name=\"item_meta[112]\" value=\"\"  \/>\n\t\t<\/div>\n\t\t<input name=\"frm_state\" type=\"hidden\" value=\"HBH5a0yn5CQXfhIww4+qd2WOm4w9J9N0\/d7fhuam5Tk1Giu6oWavDYlK6tVt46ss\" \/><div class=\"frm_submit\">\r\n\r\n<button class=\"frm_button_submit frm_final_submit\" type=\"submit\"  >Enviar<\/button>\r\n\r\n<\/div><\/div>\n<\/fieldset>\n<\/div>\n\n<\/form>\n<\/div>\n\n<\/div><\/section><\/p><\/div><div class=\"flex_column av_one_fifth  av-animated-generic fade-in  flex_column_div av-zero-column-padding   \" style='border-radius:0px; '><\/div><div style='height:100px' class='hr hr-invisible  '><span class='hr-inner ' ><span class='hr-inner-style'><\/span><\/span><\/div>\n<\/div><\/div><\/div><!-- close content main div --><\/div><\/div><\/div><div id='after_section_3' class='main_color av_default_container_wrap container_wrap sidebar_right'   ><div class='container' ><div class='template-page content  av-content-small alpha units'><div class='post-entry post-entry-type-page post-entry-3850'><div class='entry-content-wrapper clearfix'><\/p>\n","protected":false},"excerpt":{"rendered":"","protected":false},"author":1,"featured_media":0,"parent":0,"menu_order":0,"comment_status":"closed","ping_status":"closed","template":"","meta":{"footnotes":""},"class_list":["post-3850","page","type-page","status-publish","hentry"],"yoast_head":"<!-- This site is optimized with the Yoast SEO plugin v25.6 - https:\/\/yoast.com\/wordpress\/plugins\/seo\/ -->\n<title>Project Management - Finest Stay Marbella<\/title>\n<meta name=\"description\" content=\"Gesti\u00f3n de proyectos inmobiliarios con Finest Stay Marbella. Realizamos la gesti\u00f3n del trabajo de renovaci\u00f3n y dise\u00f1o para asegurar que se realice en un tiempo establecido, sea rentable y la calidad se mantenga constantemente.\" \/>\n<meta name=\"robots\" content=\"index, follow, max-snippet:-1, max-image-preview:large, max-video-preview:-1\" \/>\n<link rel=\"canonical\" href=\"https:\/\/www.fineststaymarbella.com\/es\/gestion-de-proyectos\/\" \/>\n<meta property=\"og:locale\" content=\"es_ES\" \/>\n<meta property=\"og:type\" content=\"article\" \/>\n<meta property=\"og:title\" content=\"Project Management - Finest Stay Marbella\" \/>\n<meta property=\"og:description\" content=\"Gesti\u00f3n de proyectos inmobiliarios con Finest Stay Marbella. Realizamos la gesti\u00f3n del trabajo de renovaci\u00f3n y dise\u00f1o para asegurar que se realice en un tiempo establecido, sea rentable y la calidad se mantenga constantemente.\" \/>\n<meta property=\"og:url\" content=\"https:\/\/www.fineststaymarbella.com\/es\/gestion-de-proyectos\/\" \/>\n<meta property=\"og:site_name\" content=\"Finest Stay\" \/>\n<meta property=\"article:publisher\" content=\"https:\/\/www.facebook.com\/fineststaymarbella\/\" \/>\n<meta property=\"article:modified_time\" content=\"2018-03-06T10:00:52+00:00\" \/>\n<meta name=\"twitter:card\" content=\"summary_large_image\" \/>\n<meta name=\"twitter:label1\" content=\"Tiempo de lectura\" \/>\n\t<meta name=\"twitter:data1\" content=\"7 minutos\" \/>\n<script type=\"application\/ld+json\" class=\"yoast-schema-graph\">{\"@context\":\"https:\/\/schema.org\",\"@graph\":[{\"@type\":\"WebPage\",\"@id\":\"https:\/\/www.fineststaymarbella.com\/es\/gestion-de-proyectos\/\",\"url\":\"https:\/\/www.fineststaymarbella.com\/es\/gestion-de-proyectos\/\",\"name\":\"Project Management - Finest Stay Marbella\",\"isPartOf\":{\"@id\":\"https:\/\/www.fineststaymarbella.com\/es\/#website\"},\"datePublished\":\"2018-02-09T07:27:41+00:00\",\"dateModified\":\"2018-03-06T10:00:52+00:00\",\"description\":\"Gesti\u00f3n de proyectos inmobiliarios con Finest Stay Marbella. Realizamos la gesti\u00f3n del trabajo de renovaci\u00f3n y dise\u00f1o para asegurar que se realice en un tiempo establecido, sea rentable y la calidad se mantenga constantemente.\",\"breadcrumb\":{\"@id\":\"https:\/\/www.fineststaymarbella.com\/es\/gestion-de-proyectos\/#breadcrumb\"},\"inLanguage\":\"es\",\"potentialAction\":[{\"@type\":\"ReadAction\",\"target\":[\"https:\/\/www.fineststaymarbella.com\/es\/gestion-de-proyectos\/\"]}]},{\"@type\":\"BreadcrumbList\",\"@id\":\"https:\/\/www.fineststaymarbella.com\/es\/gestion-de-proyectos\/#breadcrumb\",\"itemListElement\":[{\"@type\":\"ListItem\",\"position\":1,\"name\":\"Portada\",\"item\":\"https:\/\/www.fineststaymarbella.com\/es\/\"},{\"@type\":\"ListItem\",\"position\":2,\"name\":\"GESTI\u00d3N DEL PROYECTO FSM\"}]},{\"@type\":\"WebSite\",\"@id\":\"https:\/\/www.fineststaymarbella.com\/es\/#website\",\"url\":\"https:\/\/www.fineststaymarbella.com\/es\/\",\"name\":\"Finest Stay\",\"description\":\"Real estate in Marbella\",\"potentialAction\":[{\"@type\":\"SearchAction\",\"target\":{\"@type\":\"EntryPoint\",\"urlTemplate\":\"https:\/\/www.fineststaymarbella.com\/es\/?s={search_term_string}\"},\"query-input\":{\"@type\":\"PropertyValueSpecification\",\"valueRequired\":true,\"valueName\":\"search_term_string\"}}],\"inLanguage\":\"es\"}]}<\/script>\n<!-- \/ Yoast SEO plugin. -->","yoast_head_json":{"title":"Project Management - Finest Stay Marbella","description":"Gesti\u00f3n de proyectos inmobiliarios con Finest Stay Marbella. Realizamos la gesti\u00f3n del trabajo de renovaci\u00f3n y dise\u00f1o para asegurar que se realice en un tiempo establecido, sea rentable y la calidad se mantenga constantemente.","robots":{"index":"index","follow":"follow","max-snippet":"max-snippet:-1","max-image-preview":"max-image-preview:large","max-video-preview":"max-video-preview:-1"},"canonical":"https:\/\/www.fineststaymarbella.com\/es\/gestion-de-proyectos\/","og_locale":"es_ES","og_type":"article","og_title":"Project Management - Finest Stay Marbella","og_description":"Gesti\u00f3n de proyectos inmobiliarios con Finest Stay Marbella. Realizamos la gesti\u00f3n del trabajo de renovaci\u00f3n y dise\u00f1o para asegurar que se realice en un tiempo establecido, sea rentable y la calidad se mantenga constantemente.","og_url":"https:\/\/www.fineststaymarbella.com\/es\/gestion-de-proyectos\/","og_site_name":"Finest Stay","article_publisher":"https:\/\/www.facebook.com\/fineststaymarbella\/","article_modified_time":"2018-03-06T10:00:52+00:00","twitter_card":"summary_large_image","twitter_misc":{"Tiempo de lectura":"7 minutos"},"schema":{"@context":"https:\/\/schema.org","@graph":[{"@type":"WebPage","@id":"https:\/\/www.fineststaymarbella.com\/es\/gestion-de-proyectos\/","url":"https:\/\/www.fineststaymarbella.com\/es\/gestion-de-proyectos\/","name":"Project Management - Finest Stay Marbella","isPartOf":{"@id":"https:\/\/www.fineststaymarbella.com\/es\/#website"},"datePublished":"2018-02-09T07:27:41+00:00","dateModified":"2018-03-06T10:00:52+00:00","description":"Gesti\u00f3n de proyectos inmobiliarios con Finest Stay Marbella. Realizamos la gesti\u00f3n del trabajo de renovaci\u00f3n y dise\u00f1o para asegurar que se realice en un tiempo establecido, sea rentable y la calidad se mantenga constantemente.","breadcrumb":{"@id":"https:\/\/www.fineststaymarbella.com\/es\/gestion-de-proyectos\/#breadcrumb"},"inLanguage":"es","potentialAction":[{"@type":"ReadAction","target":["https:\/\/www.fineststaymarbella.com\/es\/gestion-de-proyectos\/"]}]},{"@type":"BreadcrumbList","@id":"https:\/\/www.fineststaymarbella.com\/es\/gestion-de-proyectos\/#breadcrumb","itemListElement":[{"@type":"ListItem","position":1,"name":"Portada","item":"https:\/\/www.fineststaymarbella.com\/es\/"},{"@type":"ListItem","position":2,"name":"GESTI\u00d3N DEL PROYECTO FSM"}]},{"@type":"WebSite","@id":"https:\/\/www.fineststaymarbella.com\/es\/#website","url":"https:\/\/www.fineststaymarbella.com\/es\/","name":"Finest Stay","description":"Real estate in Marbella","potentialAction":[{"@type":"SearchAction","target":{"@type":"EntryPoint","urlTemplate":"https:\/\/www.fineststaymarbella.com\/es\/?s={search_term_string}"},"query-input":{"@type":"PropertyValueSpecification","valueRequired":true,"valueName":"search_term_string"}}],"inLanguage":"es"}]}},"_links":{"self":[{"href":"https:\/\/www.fineststaymarbella.com\/es\/wp-json\/wp\/v2\/pages\/3850"}],"collection":[{"href":"https:\/\/www.fineststaymarbella.com\/es\/wp-json\/wp\/v2\/pages"}],"about":[{"href":"https:\/\/www.fineststaymarbella.com\/es\/wp-json\/wp\/v2\/types\/page"}],"author":[{"embeddable":true,"href":"https:\/\/www.fineststaymarbella.com\/es\/wp-json\/wp\/v2\/users\/1"}],"replies":[{"embeddable":true,"href":"https:\/\/www.fineststaymarbella.com\/es\/wp-json\/wp\/v2\/comments?post=3850"}],"version-history":[{"count":8,"href":"https:\/\/www.fineststaymarbella.com\/es\/wp-json\/wp\/v2\/pages\/3850\/revisions"}],"predecessor-version":[{"id":4103,"href":"https:\/\/www.fineststaymarbella.com\/es\/wp-json\/wp\/v2\/pages\/3850\/revisions\/4103"}],"wp:attachment":[{"href":"https:\/\/www.fineststaymarbella.com\/es\/wp-json\/wp\/v2\/media?parent=3850"}],"curies":[{"name":"wp","href":"https:\/\/api.w.org\/{rel}","templated":true}]}}