{"id":4310,"date":"2018-06-12T14:51:30","date_gmt":"2018-06-12T14:51:30","guid":{"rendered":"http:\/\/www.fineststaymarbella.com\/?page_id=4310"},"modified":"2018-06-13T08:10:06","modified_gmt":"2018-06-13T08:10:06","slug":"gestion-de-projet-fsm","status":"publish","type":"page","link":"https:\/\/www.fineststaymarbella.com\/fr\/gestion-de-projet-fsm\/","title":{"rendered":"GESTION DE PROJET FSM"},"content":{"rendered":"<\/div><\/div><\/div><!-- close content main div --><\/div><\/div><div id='av_section_1' class='avia-section main_color avia-section-no-padding avia-no-border-styling av-parallax-section avia-bg-style-parallax   av-minimum-height av-minimum-height-custom container_wrap sidebar_right'  data-section-bg-repeat='no-repeat' ><div class='av-parallax' data-avia-parallax-ratio='0.3' ><div class='av-parallax-inner main_color  avia-full-stretch' style = 'background-repeat: no-repeat; background-image: url(https:\/\/www.fineststaymarbella.com\/wp-content\/uploads\/2018\/02\/FinestStay-project-managment_slider.jpg); background-attachment: scroll; background-position: center center; ' ><\/div><\/div><div class='container' style='height:500px'><div class='template-page content  av-content-small alpha units'><div class='post-entry post-entry-type-page post-entry-4310'><div class='entry-content-wrapper clearfix'>\n<div style='height:150px' class='hr hr-invisible  '><span class='hr-inner ' ><span class='hr-inner-style'><\/span><\/span><\/div>\n<\/div><\/div><\/div><!-- close content main div --><\/div><\/div><div id='after_section_1' class='main_color av_default_container_wrap container_wrap sidebar_right'   ><div class='container' ><div class='template-page content  av-content-small alpha units'><div class='post-entry post-entry-type-page post-entry-4310'><div class='entry-content-wrapper clearfix'>\n<\/div><\/div><\/div><!-- close content main div --><\/div><\/div><div id='av_section_2' class='avia-section main_color avia-section-default avia-no-shadow avia-bg-style-scroll   container_wrap sidebar_right'   ><div class='container' ><div class='template-page content  av-content-small alpha units'><div class='post-entry post-entry-type-page post-entry-4310'><div class='entry-content-wrapper clearfix'>\n<div class=\"flex_column av_one_full  flex_column_div av-zero-column-padding first  \" style='border-radius:0px; '><p><div style='height:25px' class='hr hr-invisible  '><span class='hr-inner ' ><span class='hr-inner-style'><\/span><\/span><\/div><br \/>\n<div style='padding-bottom:15px;color:#00758d;font-size:30px;' class='av-special-heading av-special-heading-h1 custom-color-heading blockquote modern-quote  av-inherit-size '><h1 class='av-special-heading-tag '  itemprop=\"headline\"  >GESTION DE PROJET FSM<\/h1><div class='special-heading-border'><div class='special-heading-inner-border' style='border-color:#00758d'><\/div><\/div><\/div><\/p><\/div><div class=\"flex_column av_one_half  flex_column_div av-zero-column-padding first  \" style='border-radius:0px; '><section class=\"av_textblock_section \"  itemscope=\"itemscope\" itemtype=\"https:\/\/schema.org\/CreativeWork\" ><div class='avia_textblock  '   itemprop=\"text\" ><p>Que vous souhaitiez r\u00e9nover ou simplement rafra\u00eechir votre maison de vacances, Finest Stay Marbella sera votre partenaire sur le terrain. Nous nous chargeons des r\u00e9novations et des travaux de conception pour veiller \u00e0 ce que les d\u00e9lais, la rentabilit\u00e9 et la qualit\u00e9 du travail soient constamment respect\u00e9s.<\/p>\n<p>Les r\u00e9novations, la construction et les travaux de conception de propri\u00e9t\u00e9s peuvent prendre du temps et \u00eatre d\u00e9courageants lorsque vous essayez de superviser le processus \u00e0 distance. Nous att\u00e9nuerons vos craintes. Nous coordonnons toutes les informations du projet (budget, conception, planning) au nom de nos clients pour faciliter la prise de d\u00e9cision du propri\u00e9taire. Nous proposons des d\u00e9lais pr\u00e9cis et des mises \u00e0 jour approfondies afin de veiller \u00e0 ce que les attentes et les \u00e9ch\u00e9ances soient respect\u00e9es.<\/p>\n<p>Voici ci-dessous une s\u00e9lection des services que nous offrons\u00a0:<\/p>\n<ul>\n<li>Concevoir de nouveaux plans d&rsquo;am\u00e9nagement pour exploiter pleinement le potentiel de la propri\u00e9t\u00e9<\/li>\n<li>R\u00e9nover la propri\u00e9t\u00e9 pour la vendre conform\u00e9ment aux exigences actuelles du march\u00e9<\/li>\n<li>S\u00e9lectionner et coordonner les sp\u00e9cialistes \u00e0 partir d&rsquo;un r\u00e9seau d&rsquo;experts fiable<\/li>\n<li>Superviser le processus d&rsquo;appel d&rsquo;offres et de propositions pour garantir la rentabilit\u00e9 et la qualit\u00e9 du travail<\/li>\n<li>Approvisionner en mat\u00e9riaux de construction et en finitions, puis coordonner tous les achats<\/li>\n<li>R\u00e9aliser des inspections sur site quotidiennes pour faire respecter les d\u00e9lais du projet et les exigences \u00e9lev\u00e9es en mati\u00e8re de qualit\u00e9<\/li>\n<\/ul>\n<p>Contactez-nous d\u00e8s aujourd&rsquo;hui pour planifier une consultation initiale gratuite. Laissez-nous transformer votre r\u00eave en r\u00e9alit\u00e9.<\/p>\n<\/div><\/section><\/div><div class=\"flex_column av_one_half  flex_column_div av-zero-column-padding   \" style='border-radius:0px; '><div class='avia-image-container  av-styling-    avia-align-center '  itemscope=\"itemscope\" itemtype=\"https:\/\/schema.org\/ImageObject\"  ><div class='avia-image-container-inner'><img class='avia_image ' src='https:\/\/www.fineststaymarbella.com\/wp-content\/uploads\/2018\/02\/FinestStay-project-managment_st.jpg' alt='' title='FinestStay-project-managment_st'   itemprop=\"thumbnailUrl\"  \/><\/div><\/div><\/div>\n<\/div><\/div><\/div><!-- close content main div --><\/div><\/div><div id='after_section_2' class='main_color av_default_container_wrap container_wrap sidebar_right'   ><div class='container' ><div class='template-page content  av-content-small alpha units'><div class='post-entry post-entry-type-page post-entry-4310'><div class='entry-content-wrapper clearfix'>\n<\/div><\/div><\/div><!-- close content main div --><\/div><\/div><div id='newsletter' class='avia-section main_color avia-section-huge avia-no-border-styling avia-full-stretch av-parallax-section av-section-color-overlay-active avia-bg-style-parallax   container_wrap sidebar_right'  data-section-bg-repeat='stretch' ><div class='av-parallax' data-avia-parallax-ratio='0.3' ><div class='av-parallax-inner main_color  avia-full-stretch' style = 'background-repeat: no-repeat; background-image: url(https:\/\/www.fineststaymarbella.com\/wp-content\/uploads\/2018\/02\/FinestStay-project-managment_contact-1500x1000.jpg); background-attachment: scroll; background-position: center center; ' ><\/div><\/div><div class='av-section-color-overlay-wrap'><div class='av-section-color-overlay' style='opacity: 0.5; background-color: #ffffff; '><\/div><div class='container' ><div class='template-page content  av-content-small alpha units'><div class='post-entry post-entry-type-page post-entry-4310'><div class='entry-content-wrapper clearfix'>\n<div style='height:50px' class='hr hr-invisible  '><span class='hr-inner ' ><span class='hr-inner-style'><\/span><\/span><\/div>\n<div class=\"flex_column av_one_fifth  av-animated-generic fade-in  flex_column_div av-zero-column-padding first  \" style='border-radius:0px; '><\/div><div class=\"flex_column av_three_fifth  av-animated-generic fade-in  flex_column_div   \" style='border-width:1px; border-color:#e8e8e8; border-style:solid; padding:70px; background-color:rgba(255,255,255,0.84); border-radius:0px; '><p><div style='padding-bottom:20px;color:#00758d;font-size:40px;' class='av-special-heading av-special-heading-h1 custom-color-heading blockquote modern-quote modern-centered   av-inherit-size '><h1 class='av-special-heading-tag '  itemprop=\"headline\"  >Que pouvons-nous faire pour vous?<\/h1><div class='special-heading-border'><div class='special-heading-inner-border' style='border-color:#00758d'><\/div><\/div><\/div><br \/>\n<section class=\"av_textblock_section \"  itemscope=\"itemscope\" itemtype=\"https:\/\/schema.org\/CreativeWork\" ><div class='avia_textblock  '   itemprop=\"text\" ><p>Contactez-nous d\u00e8s maintenant pour nous poser vos questions ou pour planifier une consultation gratuite.<\/p>\n<\/div><\/section><br \/>\n<section class=\"av_textblock_section \"  itemscope=\"itemscope\" itemtype=\"https:\/\/schema.org\/CreativeWork\" ><div class='avia_textblock  '   itemprop=\"text\" ><div class=\"frm_forms  with_frm_style frm_style_formidable-style\" id=\"frm_form_14_container\" >\n<form enctype=\"multipart\/form-data\" method=\"post\" class=\"frm-show-form  frm_pro_form \" id=\"form_contact22\" >\n<div class=\"frm_form_fields \">\n<fieldset>\n<legend class=\"frm_hidden\">Contact Us Index FR<\/legend>\r\n\r\n<div class=\"frm_fields_container\">\n<input type=\"hidden\" name=\"frm_action\" value=\"create\" \/>\n<input type=\"hidden\" name=\"form_id\" value=\"14\" \/>\n<input type=\"hidden\" name=\"frm_hide_fields_14\" id=\"frm_hide_fields_14\" value=\"\" \/>\n<input type=\"hidden\" name=\"form_key\" value=\"contact22\" \/>\n<input type=\"hidden\" name=\"item_meta[0]\" value=\"\" \/>\n<input type=\"hidden\" id=\"frm_submit_entry_14\" name=\"frm_submit_entry_14\" value=\"0dfba7721c\" \/><input type=\"hidden\" name=\"_wp_http_referer\" value=\"\/fr\/wp-json\/wp\/v2\/pages\/4310\" \/><div id=\"frm_field_100_container\" class=\"frm_form_field form-field  frm_required_field frm_none_container frm_full\">\r\n    <label for=\"field_qh4icy32\" class=\"frm_primary_label\">Nom complet\r\n        <span class=\"frm_required\">*<\/span>\r\n    <\/label>\r\n    <input type=\"text\" id=\"field_qh4icy32\" name=\"item_meta[100]\" value=\"\"  placeholder=\"Nom complet *\" data-reqmsg=\"Ce champ est obligatoire.\" aria-required=\"true\" data-invmsg=\"Name no es v\u00e1lido\" aria-invalid=\"false\"  \/>\r\n    \r\n    \r\n<\/div>\n<div id=\"frm_field_101_container\" class=\"frm_form_field form-field  frm_required_field frm_none_container frm_full\">\r\n    <label for=\"field_29yf4d32\" class=\"frm_primary_label\">Email\r\n        <span class=\"frm_required\">*<\/span>\r\n    <\/label>\r\n    <input type=\"email\" id=\"field_29yf4d32\" name=\"item_meta[101]\" value=\"\"  placeholder=\"Email *\" data-reqmsg=\"Ce champ est obligatoire.\" aria-required=\"true\" data-invmsg=\"Please enter a valid email address\" aria-invalid=\"false\"  \/>\r\n    \r\n    \r\n<\/div>\n<div id=\"frm_field_102_container\" class=\"frm_form_field form-field  frm_required_field frm_none_container frm_full\">\r\n    <label for=\"field_9jv0r132\" class=\"frm_primary_label\">Message\r\n        <span class=\"frm_required\">*<\/span>\r\n    <\/label>\r\n    <textarea name=\"item_meta[102]\" id=\"field_9jv0r132\" rows=\"5\"  placeholder=\"Message *\" data-reqmsg=\"Ce champ est obligatoire.\" aria-required=\"true\" data-invmsg=\"Message est non valide\" aria-invalid=\"false\"  ><\/textarea>\r\n    \r\n    \r\n<\/div>\n<div id=\"frm_field_103_container\" class=\"frm_form_field form-field  frm_none_container\">\r\n    <label for=\"g-recaptcha-response\" class=\"frm_primary_label\">reCAPTCHA\r\n        <span class=\"frm_required\"><\/span>\r\n    <\/label>\r\n    <div  id=\"field_9987a2\" class=\"g-recaptcha\" data-sitekey=\"6LcwKEgUAAAAALq2tjM3JT4gqgkIe7vI2PoNnlIH\" data-size=\"normal\" data-theme=\"light\"><\/div>\r\n    \r\n    \r\n<\/div>\n<div id=\"frm_field_104_container\" class=\"frm_form_field form-field  frm_required_field frm_right_container vertical_radio\">\r\n    <label for=\"field_21qcx2\" class=\"frm_primary_label\">\u00a0\r\n        <span class=\"frm_required\"><\/span>\r\n    <\/label>\r\n    <div class=\"frm_opt_container\">\t\t<div class=\"frm_checkbox\" id=\"frm_checkbox_104-0\">\t\t\t<label  for=\"field_21qcx2-0\">\n\t\t\t<input type=\"checkbox\" name=\"item_meta[104][]\" id=\"field_21qcx2-0\" value=\"J&#039;accepte les &lt;a href=&quot;\/fr\/termes-et-conditions\/&quot; target=&quot;_blank&quot; &gt;termes et conditions&lt;\/a&gt;\"  data-reqmsg=\"Ce champ est obligatoire.\" data-invmsg=\"\u00a0 est non valide\"   aria-required=\"true\"  \/> J'accepte les <a href=\"\/fr\/termes-et-conditions\/\" target=\"_blank\">termes et conditions<\/a><\/label><\/div>\n<\/div>\r\n    \r\n    \r\n<\/div>\n\t<input type=\"hidden\" name=\"item_key\" value=\"\" \/>\n\t\t\t<div id=\"frm_field_112_container\">\n\t\t\t<label for=\"field_aa00t\" >\n\t\t\t\tSi vous \u00eates un humain, ne remplissez pas ce champ.\t\t\t<\/label>\n\t\t\t<input  id=\"field_aa00t\" type=\"text\" class=\"frm_form_field form-field frm_verify\" name=\"item_meta[112]\" value=\"\"  \/>\n\t\t<\/div>\n\t\t<input name=\"frm_state\" type=\"hidden\" value=\"HBH5a0yn5CQXfhIww4+qd0M4OsAKpEBiN\/rrj+QwyJ81Giu6oWavDYlK6tVt46ss\" \/><div class=\"frm_submit\">\r\n\r\n<button class=\"frm_button_submit frm_final_submit\" type=\"submit\"   formnovalidate=\"formnovalidate\">Envoyer<\/button>\r\n\r\n<\/div><\/div>\n<\/fieldset>\n<\/div>\n\n<\/form>\n<\/div>\n\n<\/div><\/section><\/p><\/div><div class=\"flex_column av_one_fifth  av-animated-generic fade-in  flex_column_div av-zero-column-padding   \" style='border-radius:0px; '><\/div><div style='height:100px' class='hr hr-invisible  '><span class='hr-inner ' ><span class='hr-inner-style'><\/span><\/span><\/div>\n<\/div><\/div><\/div><!-- close content main div --><\/div><\/div><\/div><div id='after_section_3' class='main_color av_default_container_wrap container_wrap sidebar_right'   ><div class='container' ><div class='template-page content  av-content-small alpha units'><div class='post-entry post-entry-type-page post-entry-4310'><div class='entry-content-wrapper clearfix'>\n","protected":false},"excerpt":{"rendered":"","protected":false},"author":1,"featured_media":0,"parent":0,"menu_order":0,"comment_status":"closed","ping_status":"closed","template":"","meta":{"footnotes":""},"class_list":["post-4310","page","type-page","status-publish","hentry"],"yoast_head":"<!-- This site is optimized with the Yoast SEO plugin v25.6 - https:\/\/yoast.com\/wordpress\/plugins\/seo\/ -->\n<title>GESTION DE PROJET FSM - Finest Stay<\/title>\n<meta name=\"robots\" content=\"index, follow, max-snippet:-1, max-image-preview:large, max-video-preview:-1\" \/>\n<link rel=\"canonical\" href=\"https:\/\/www.fineststaymarbella.com\/fr\/gestion-de-projet-fsm\/\" \/>\n<meta property=\"og:locale\" content=\"fr_FR\" \/>\n<meta property=\"og:type\" content=\"article\" \/>\n<meta property=\"og:title\" content=\"GESTION DE PROJET FSM - Finest Stay\" \/>\n<meta property=\"og:url\" content=\"https:\/\/www.fineststaymarbella.com\/fr\/gestion-de-projet-fsm\/\" \/>\n<meta property=\"og:site_name\" content=\"Finest Stay\" \/>\n<meta property=\"article:publisher\" content=\"https:\/\/www.facebook.com\/fineststaymarbella\/\" \/>\n<meta property=\"article:modified_time\" content=\"2018-06-13T08:10:06+00:00\" \/>\n<meta name=\"twitter:card\" content=\"summary_large_image\" \/>\n<meta name=\"twitter:label1\" content=\"Dur\u00e9e de lecture estim\u00e9e\" \/>\n\t<meta name=\"twitter:data1\" content=\"7 minutes\" \/>\n<script type=\"application\/ld+json\" class=\"yoast-schema-graph\">{\"@context\":\"https:\/\/schema.org\",\"@graph\":[{\"@type\":\"WebPage\",\"@id\":\"https:\/\/www.fineststaymarbella.com\/fr\/gestion-de-projet-fsm\/\",\"url\":\"https:\/\/www.fineststaymarbella.com\/fr\/gestion-de-projet-fsm\/\",\"name\":\"GESTION DE PROJET FSM - Finest Stay\",\"isPartOf\":{\"@id\":\"https:\/\/www.fineststaymarbella.com\/fr\/#website\"},\"datePublished\":\"2018-06-12T14:51:30+00:00\",\"dateModified\":\"2018-06-13T08:10:06+00:00\",\"breadcrumb\":{\"@id\":\"https:\/\/www.fineststaymarbella.com\/fr\/gestion-de-projet-fsm\/#breadcrumb\"},\"inLanguage\":\"fr-FR\",\"potentialAction\":[{\"@type\":\"ReadAction\",\"target\":[\"https:\/\/www.fineststaymarbella.com\/fr\/gestion-de-projet-fsm\/\"]}]},{\"@type\":\"BreadcrumbList\",\"@id\":\"https:\/\/www.fineststaymarbella.com\/fr\/gestion-de-projet-fsm\/#breadcrumb\",\"itemListElement\":[{\"@type\":\"ListItem\",\"position\":1,\"name\":\"Portada\",\"item\":\"https:\/\/www.fineststaymarbella.com\/fr\/\"},{\"@type\":\"ListItem\",\"position\":2,\"name\":\"GESTION DE PROJET FSM\"}]},{\"@type\":\"WebSite\",\"@id\":\"https:\/\/www.fineststaymarbella.com\/fr\/#website\",\"url\":\"https:\/\/www.fineststaymarbella.com\/fr\/\",\"name\":\"Finest Stay\",\"description\":\"Real estate in Marbella\",\"potentialAction\":[{\"@type\":\"SearchAction\",\"target\":{\"@type\":\"EntryPoint\",\"urlTemplate\":\"https:\/\/www.fineststaymarbella.com\/fr\/?s={search_term_string}\"},\"query-input\":{\"@type\":\"PropertyValueSpecification\",\"valueRequired\":true,\"valueName\":\"search_term_string\"}}],\"inLanguage\":\"fr-FR\"}]}<\/script>\n<!-- \/ Yoast SEO plugin. -->","yoast_head_json":{"title":"GESTION DE PROJET FSM - Finest Stay","robots":{"index":"index","follow":"follow","max-snippet":"max-snippet:-1","max-image-preview":"max-image-preview:large","max-video-preview":"max-video-preview:-1"},"canonical":"https:\/\/www.fineststaymarbella.com\/fr\/gestion-de-projet-fsm\/","og_locale":"fr_FR","og_type":"article","og_title":"GESTION DE PROJET FSM - Finest Stay","og_url":"https:\/\/www.fineststaymarbella.com\/fr\/gestion-de-projet-fsm\/","og_site_name":"Finest Stay","article_publisher":"https:\/\/www.facebook.com\/fineststaymarbella\/","article_modified_time":"2018-06-13T08:10:06+00:00","twitter_card":"summary_large_image","twitter_misc":{"Dur\u00e9e de lecture estim\u00e9e":"7 minutes"},"schema":{"@context":"https:\/\/schema.org","@graph":[{"@type":"WebPage","@id":"https:\/\/www.fineststaymarbella.com\/fr\/gestion-de-projet-fsm\/","url":"https:\/\/www.fineststaymarbella.com\/fr\/gestion-de-projet-fsm\/","name":"GESTION DE PROJET FSM - Finest Stay","isPartOf":{"@id":"https:\/\/www.fineststaymarbella.com\/fr\/#website"},"datePublished":"2018-06-12T14:51:30+00:00","dateModified":"2018-06-13T08:10:06+00:00","breadcrumb":{"@id":"https:\/\/www.fineststaymarbella.com\/fr\/gestion-de-projet-fsm\/#breadcrumb"},"inLanguage":"fr-FR","potentialAction":[{"@type":"ReadAction","target":["https:\/\/www.fineststaymarbella.com\/fr\/gestion-de-projet-fsm\/"]}]},{"@type":"BreadcrumbList","@id":"https:\/\/www.fineststaymarbella.com\/fr\/gestion-de-projet-fsm\/#breadcrumb","itemListElement":[{"@type":"ListItem","position":1,"name":"Portada","item":"https:\/\/www.fineststaymarbella.com\/fr\/"},{"@type":"ListItem","position":2,"name":"GESTION DE PROJET FSM"}]},{"@type":"WebSite","@id":"https:\/\/www.fineststaymarbella.com\/fr\/#website","url":"https:\/\/www.fineststaymarbella.com\/fr\/","name":"Finest Stay","description":"Real estate in Marbella","potentialAction":[{"@type":"SearchAction","target":{"@type":"EntryPoint","urlTemplate":"https:\/\/www.fineststaymarbella.com\/fr\/?s={search_term_string}"},"query-input":{"@type":"PropertyValueSpecification","valueRequired":true,"valueName":"search_term_string"}}],"inLanguage":"fr-FR"}]}},"_links":{"self":[{"href":"https:\/\/www.fineststaymarbella.com\/fr\/wp-json\/wp\/v2\/pages\/4310"}],"collection":[{"href":"https:\/\/www.fineststaymarbella.com\/fr\/wp-json\/wp\/v2\/pages"}],"about":[{"href":"https:\/\/www.fineststaymarbella.com\/fr\/wp-json\/wp\/v2\/types\/page"}],"author":[{"embeddable":true,"href":"https:\/\/www.fineststaymarbella.com\/fr\/wp-json\/wp\/v2\/users\/1"}],"replies":[{"embeddable":true,"href":"https:\/\/www.fineststaymarbella.com\/fr\/wp-json\/wp\/v2\/comments?post=4310"}],"version-history":[{"count":5,"href":"https:\/\/www.fineststaymarbella.com\/fr\/wp-json\/wp\/v2\/pages\/4310\/revisions"}],"predecessor-version":[{"id":4370,"href":"https:\/\/www.fineststaymarbella.com\/fr\/wp-json\/wp\/v2\/pages\/4310\/revisions\/4370"}],"wp:attachment":[{"href":"https:\/\/www.fineststaymarbella.com\/fr\/wp-json\/wp\/v2\/media?parent=4310"}],"curies":[{"name":"wp","href":"https:\/\/api.w.org\/{rel}","templated":true}]}}