{"id":4314,"date":"2018-06-12T14:51:54","date_gmt":"2018-06-12T14:51:54","guid":{"rendered":"http:\/\/www.fineststaymarbella.com\/?page_id=4314"},"modified":"2018-06-18T09:51:57","modified_gmt":"2018-06-18T09:51:57","slug":"fsm-gestion-de-proprietes","status":"publish","type":"page","link":"https:\/\/www.fineststaymarbella.com\/fr\/fsm-gestion-de-proprietes\/","title":{"rendered":"FSM GESTION DE PROPRI\u00c9T\u00c9S"},"content":{"rendered":"<\/div><\/div><\/div><!-- close content main div --><\/div><\/div><div id='av_section_1' class='avia-section main_color avia-section-no-padding avia-no-border-styling av-parallax-section avia-bg-style-parallax   av-minimum-height av-minimum-height-custom container_wrap sidebar_right'  data-section-bg-repeat='no-repeat' ><div class='av-parallax' data-avia-parallax-ratio='0.3' ><div class='av-parallax-inner main_color  avia-full-stretch' style = 'background-repeat: no-repeat; background-image: url(https:\/\/www.fineststaymarbella.com\/wp-content\/uploads\/2018\/02\/FinestStay-real-estate-slider_3.jpg); background-attachment: scroll; background-position: center center; ' ><\/div><\/div><div class='container' style='height:500px'><div class='template-page content  av-content-small alpha units'><div class='post-entry post-entry-type-page post-entry-4314'><div class='entry-content-wrapper clearfix'>\n<div style='height:150px' class='hr hr-invisible  '><span class='hr-inner ' ><span class='hr-inner-style'><\/span><\/span><\/div>\n<\/div><\/div><\/div><!-- close content main div --><\/div><\/div><div id='after_section_1' class='main_color av_default_container_wrap container_wrap sidebar_right'   ><div class='container' ><div class='template-page content  av-content-small alpha units'><div class='post-entry post-entry-type-page post-entry-4314'><div class='entry-content-wrapper clearfix'>\n<\/div><\/div><\/div><!-- close content main div --><\/div><\/div><div id='av_section_2' class='avia-section main_color avia-section-default avia-no-shadow avia-bg-style-scroll   container_wrap sidebar_right'   ><div class='container' ><div class='template-page content  av-content-small alpha units'><div class='post-entry post-entry-type-page post-entry-4314'><div class='entry-content-wrapper clearfix'>\n<div style='height:50px' class='hr hr-invisible  '><span class='hr-inner ' ><span class='hr-inner-style'><\/span><\/span><\/div>\n<div style='padding-bottom:15px;color:#00758d;font-size:30px;' class='av-special-heading av-special-heading-h1 custom-color-heading blockquote modern-quote   av-inherit-size '><h1 class='av-special-heading-tag '  itemprop=\"headline\"  >FSM GESTION DE PROPRI\u00c9T\u00c9S<\/h1><div class ='av-subheading av-subheading_below av_custom_color ' style='font-size:14px;'><p>L&rsquo;excellence se trouve dans les moindres d\u00e9tails<\/p>\n<\/div><div class='special-heading-border'><div class='special-heading-inner-border' style='border-color:#00758d'><\/div><\/div><\/div>\n<div style='height:50px' class='hr hr-invisible  '><span class='hr-inner ' ><span class='hr-inner-style'><\/span><\/span><\/div>\n<div class=\"flex_column av_one_half  flex_column_div av-zero-column-padding first  \" style='border-radius:0px; '><section class=\"av_textblock_section \"  itemscope=\"itemscope\" itemtype=\"https:\/\/schema.org\/CreativeWork\" ><div class='avia_textblock  '   itemprop=\"text\" ><p>Finest Stay Marbella propose un service de gestion de propri\u00e9t\u00e9s annuel \u00e0 ses clients pour veiller \u00e0 ce que leur bien immobilier soit entretenu de mani\u00e8re fluide et efficace.<\/p>\n<p>Un gestionnaire immobilier est affect\u00e9 \u00e0 chaque client. Il doit se charger des t\u00e2ches suivantes\u00a0:<\/p>\n<ul>\n<li>Bien conna\u00eetre la propri\u00e9t\u00e9 et ses exigences<\/li>\n<li>R\u00e9aliser des visites fr\u00e9quentes de la propri\u00e9t\u00e9<\/li>\n<li>Coordonner et g\u00e9rer les jardiniers, l&rsquo;entretien de la piscine et le service m\u00e9nager<\/li>\n<li>Fournir des mises \u00e0 jour r\u00e9guli\u00e8res (notamment en soulevant tout probl\u00e8me\/travaux anticip\u00e9)<\/li>\n<\/ul>\n<p>En plus des mises \u00e0 jour r\u00e9guli\u00e8res, votre gestionnaire de propri\u00e9t\u00e9 organise \u00e9galement des entretiens en personne avec les clients tout au long de l&rsquo;ann\u00e9e pour parcourir la propri\u00e9t\u00e9 dans les d\u00e9tails afin de faciliter la communication.<\/p>\n<h4><span style=\"color: #00758d;\">Nous g\u00e9rons votre r\u00e9sidence.<\/span><\/h4>\n<p>Voici ci-dessous certains services suppl\u00e9mentaires disponibles pour nos membres\u00a0:<\/p>\n<ul>\n<li><strong>Pr\u00e9parer l&rsquo;habitation<\/strong> pour votre arriv\u00e9e<\/li>\n<li>Effectuer des <strong>inspections fr\u00e9quentes de la propri\u00e9t\u00e9<\/strong> lorsqu&rsquo;elle est vide<\/li>\n<li><strong>Inspections suppl\u00e9mentaires<\/strong> apr\u00e8s des conditions <strong>m\u00e9t\u00e9orologiques extr\u00eames<\/strong><\/li>\n<li><strong>Point de contact<\/strong> de la soci\u00e9t\u00e9 de surveillance<\/li>\n<li><strong>Nettoyage et entretien<\/strong><\/li>\n<li>Coordination des r\u00e9parations et des r\u00e9novations<\/li>\n<li>Gestion de d\u00e9m\u00e9nagements et mise en place de votre nouvelle habitation<\/li>\n<\/ul>\n<p><a href=\"mailto:info@fineststaymarbella.com?subject=Property Management enquiry\">Contactez-nous<\/a> d\u00e8s aujourd&rsquo;hui pour que nous discutions de la mani\u00e8re de vous aider.<\/p>\n<\/div><\/section><\/div><div class=\"flex_column av_one_half  flex_column_div av-zero-column-padding   \" style='border-radius:0px; '><div class='avia-image-container  av-styling-no-styling    avia-align-center '  itemscope=\"itemscope\" itemtype=\"https:\/\/schema.org\/ImageObject\"  ><div class='avia-image-container-inner'><img class='avia_image ' src='https:\/\/www.fineststaymarbella.com\/wp-content\/uploads\/2018\/02\/FinestStay-property-management.jpg' alt='' title='FinestStay-property-management'   itemprop=\"thumbnailUrl\"  \/><\/div><\/div><\/div>\n<\/div><\/div><\/div><!-- close content main div --><\/div><\/div><div id='after_section_2' class='main_color av_default_container_wrap container_wrap sidebar_right'   ><div class='container' ><div class='template-page content  av-content-small alpha units'><div class='post-entry post-entry-type-page post-entry-4314'><div class='entry-content-wrapper clearfix'>\n<\/div><\/div><\/div><!-- close content main div --><\/div><\/div><div id='av_section_3' class='avia-section main_color avia-section-default avia-no-border-styling av-section-color-overlay-active avia-bg-style-scroll   container_wrap sidebar_right' style = 'background-color: #00768d; '  ><div class='av-section-color-overlay-wrap'><div class='av-section-color-overlay' style='opacity: 1; background-color: #00768d; '><\/div><div class='container' ><div class='template-page content  av-content-small alpha units'><div class='post-entry post-entry-type-page post-entry-4314'><div class='entry-content-wrapper clearfix'>\n<div class=\"flex_column av_one_fifth  flex_column_div av-zero-column-padding first  \" style='border-radius:0px; '><\/div><div class=\"flex_column av_three_fifth  flex_column_div av-zero-column-padding   \" style='border-radius:0px; '><section class=\"av_textblock_section \"  itemscope=\"itemscope\" itemtype=\"https:\/\/schema.org\/CreativeWork\" ><div class='avia_textblock  '  style='font-size:22px; '  itemprop=\"text\" ><p style=\"text-align: center;\"><span class=\"av_font_icon avia_animate_when_visible  av-icon-style-  avia-icon-pos-left \" style=\"color:#ffffff; border-color:#ffffff;\"><span class='av-icon-char' style='font-size:20px;line-height:20px;' aria-hidden='true' data-av_icon='\ue833' data-av_iconfont='entypo-fontello' ><\/span><\/span><br \/>\n<span style=\"color: #ffffff; ffont-size: 42pt;\">Votre pied-\u00e0-terre est pr\u00e9cieux. Mettez vos soucis immobiliers de c\u00f4t\u00e9 et faites appel \u00e0 Finest Stay Marbella, nous nous chargerons de tout.<\/span><\/p>\n<\/div><\/section><\/div><div class=\"flex_column av_one_fifth  flex_column_div av-zero-column-padding   \" style='border-radius:0px; '><\/div><\/div><\/div><\/div><!-- close content main div --><\/div><\/div><\/div><div id='after_section_3' class='main_color av_default_container_wrap container_wrap sidebar_right'   ><div class='container' ><div class='template-page content  av-content-small alpha units'><div class='post-entry post-entry-type-page post-entry-4314'><div class='entry-content-wrapper clearfix'><\/div><\/div><\/div><!-- close content main div --><\/div><\/div><div id='av_section_4' class='avia-section main_color avia-section-default avia-no-border-styling avia-bg-style-scroll   container_wrap sidebar_right'   ><div class='container' ><div class='template-page content  av-content-small alpha units'><div class='post-entry post-entry-type-page post-entry-4314'><div class='entry-content-wrapper clearfix'>\n<div class=\"flex_column av_one_half  flex_column_div av-zero-column-padding first  \" style='border-radius:0px; '><div class='avia-image-container  av-styling-no-styling    avia-align-center '  itemscope=\"itemscope\" itemtype=\"https:\/\/schema.org\/ImageObject\"  ><div class='avia-image-container-inner'><img class='avia_image ' src='https:\/\/www.fineststaymarbella.com\/wp-content\/uploads\/2018\/02\/FinestStay-property-management-pool-2.jpg' alt='' title='FinestStay-property-management-pool'   itemprop=\"thumbnailUrl\"  \/><\/div><\/div><\/div><div class=\"flex_column av_one_half  flex_column_div av-zero-column-padding   \" style='border-radius:0px; '><section class=\"av_textblock_section \"  itemscope=\"itemscope\" itemtype=\"https:\/\/schema.org\/CreativeWork\" ><div class='avia_textblock  '   itemprop=\"text\" ><h4><span style=\"color: #00758d;\">Nous g\u00e9rons la location de votre propri\u00e9t\u00e9.<\/span><\/h4>\n<p>Que ce soit pour proposer votre logement de vacances \u00e0 votre famille et \u00e0 vos amis ou pour louer votre propri\u00e9t\u00e9, la gestion de ce processus depuis l&rsquo;\u00e9tranger peut prendre beaucoup de temps et \u00eatre une source de stress.<\/p>\n<p>D&rsquo;apr\u00e8s notre exp\u00e9rience, l&rsquo;un des secrets d&rsquo;une location de propri\u00e9t\u00e9 efficace et agr\u00e9able, c&rsquo;est la capacit\u00e9 \u00e0 anticiper les besoins des locataires.\u00a0Ainsi, les membres de \u00ab\u00a0Be Our Guest\u00a0Key Club\u00a0\u00bb recevront une inspection initiale de la propri\u00e9t\u00e9 pour s&rsquo;assurer qu&rsquo;elle poss\u00e8de tout l&rsquo;\u00e9quipement dont les locataires auront besoin pour profiter d&rsquo;une bonne exp\u00e9rience. Nous vous fournirons ensuite de l&rsquo;aide et des conseils pour la pr\u00e9paration de votre logement.<\/p>\n<p>Voici certains services accessibles \u00e0 nos membres\u00a0:<\/p>\n<ul>\n<li>Organiser la communication avec les locataires et le point de contact<\/li>\n<li>Pr\u00e9parer la propri\u00e9t\u00e9 pour l&rsquo;arriv\u00e9e des locataires<\/li>\n<li>S&rsquo;assurer de la r\u00e9cup\u00e9ration des cl\u00e9s et de l&rsquo;inspection de la propri\u00e9t\u00e9 \u00e0 la fin du s\u00e9jour<\/li>\n<li>G\u00e9rer les services de nettoyage<\/li>\n<li>Recevoir et accueillir les locataires \u00e0 la propri\u00e9t\u00e9 (ainsi que r\u00e9cup\u00e9rer la caution)<\/li>\n<li>Fournir des r\u00e9parations ponctuelles et des services de maintenance si des travaux impr\u00e9vus sont n\u00e9cessaires<\/li>\n<li>Servir de conseiller pour s&rsquo;assurer que la propri\u00e9t\u00e9 respecte les exigences de la Junta de Andalucia<\/li>\n<\/ul>\n<p>Si vous avez des questions ou si vous souhaitez parler de vos besoins en location de propri\u00e9t\u00e9, veuillez <a href=\"mailto:info@fineststaymarbella.com?subject=Property rental service - enquiry\">nous contacter<\/a> aujourd&rsquo;hui pour pr\u00e9parer votre premi\u00e8re consultation gratuite.<\/p>\n<\/div><\/section><\/div><\/div><\/div><\/div><!-- close content main div --><\/div><\/div><div id='after_section_4' class='main_color av_default_container_wrap container_wrap sidebar_right'   ><div class='container' ><div class='template-page content  av-content-small alpha units'><div class='post-entry post-entry-type-page post-entry-4314'><div class='entry-content-wrapper clearfix'><\/p>\n","protected":false},"excerpt":{"rendered":"","protected":false},"author":1,"featured_media":0,"parent":0,"menu_order":0,"comment_status":"closed","ping_status":"closed","template":"","meta":{"footnotes":""},"class_list":["post-4314","page","type-page","status-publish","hentry"],"yoast_head":"<!-- This site is optimized with the Yoast SEO plugin v25.6 - https:\/\/yoast.com\/wordpress\/plugins\/seo\/ -->\n<title>FSM GESTION DE PROPRI\u00c9T\u00c9S - Finest Stay<\/title>\n<meta name=\"robots\" content=\"index, follow, max-snippet:-1, max-image-preview:large, max-video-preview:-1\" \/>\n<link rel=\"canonical\" href=\"https:\/\/www.fineststaymarbella.com\/fr\/fsm-gestion-de-proprietes\/\" \/>\n<meta property=\"og:locale\" content=\"fr_FR\" \/>\n<meta property=\"og:type\" content=\"article\" \/>\n<meta property=\"og:title\" content=\"FSM GESTION DE PROPRI\u00c9T\u00c9S - Finest Stay\" \/>\n<meta property=\"og:url\" content=\"https:\/\/www.fineststaymarbella.com\/fr\/fsm-gestion-de-proprietes\/\" \/>\n<meta property=\"og:site_name\" content=\"Finest Stay\" \/>\n<meta property=\"article:publisher\" content=\"https:\/\/www.facebook.com\/fineststaymarbella\/\" \/>\n<meta property=\"article:modified_time\" content=\"2018-06-18T09:51:57+00:00\" \/>\n<meta name=\"twitter:card\" content=\"summary_large_image\" \/>\n<meta name=\"twitter:label1\" content=\"Dur\u00e9e de lecture estim\u00e9e\" \/>\n\t<meta name=\"twitter:data1\" content=\"8 minutes\" \/>\n<script type=\"application\/ld+json\" class=\"yoast-schema-graph\">{\"@context\":\"https:\/\/schema.org\",\"@graph\":[{\"@type\":\"WebPage\",\"@id\":\"https:\/\/www.fineststaymarbella.com\/fr\/fsm-gestion-de-proprietes\/\",\"url\":\"https:\/\/www.fineststaymarbella.com\/fr\/fsm-gestion-de-proprietes\/\",\"name\":\"FSM GESTION DE PROPRI\u00c9T\u00c9S - Finest Stay\",\"isPartOf\":{\"@id\":\"https:\/\/www.fineststaymarbella.com\/fr\/#website\"},\"datePublished\":\"2018-06-12T14:51:54+00:00\",\"dateModified\":\"2018-06-18T09:51:57+00:00\",\"breadcrumb\":{\"@id\":\"https:\/\/www.fineststaymarbella.com\/fr\/fsm-gestion-de-proprietes\/#breadcrumb\"},\"inLanguage\":\"fr-FR\",\"potentialAction\":[{\"@type\":\"ReadAction\",\"target\":[\"https:\/\/www.fineststaymarbella.com\/fr\/fsm-gestion-de-proprietes\/\"]}]},{\"@type\":\"BreadcrumbList\",\"@id\":\"https:\/\/www.fineststaymarbella.com\/fr\/fsm-gestion-de-proprietes\/#breadcrumb\",\"itemListElement\":[{\"@type\":\"ListItem\",\"position\":1,\"name\":\"Portada\",\"item\":\"https:\/\/www.fineststaymarbella.com\/fr\/\"},{\"@type\":\"ListItem\",\"position\":2,\"name\":\"FSM GESTION DE PROPRI\u00c9T\u00c9S\"}]},{\"@type\":\"WebSite\",\"@id\":\"https:\/\/www.fineststaymarbella.com\/fr\/#website\",\"url\":\"https:\/\/www.fineststaymarbella.com\/fr\/\",\"name\":\"Finest Stay\",\"description\":\"Real estate in Marbella\",\"potentialAction\":[{\"@type\":\"SearchAction\",\"target\":{\"@type\":\"EntryPoint\",\"urlTemplate\":\"https:\/\/www.fineststaymarbella.com\/fr\/?s={search_term_string}\"},\"query-input\":{\"@type\":\"PropertyValueSpecification\",\"valueRequired\":true,\"valueName\":\"search_term_string\"}}],\"inLanguage\":\"fr-FR\"}]}<\/script>\n<!-- \/ Yoast SEO plugin. -->","yoast_head_json":{"title":"FSM GESTION DE PROPRI\u00c9T\u00c9S - Finest Stay","robots":{"index":"index","follow":"follow","max-snippet":"max-snippet:-1","max-image-preview":"max-image-preview:large","max-video-preview":"max-video-preview:-1"},"canonical":"https:\/\/www.fineststaymarbella.com\/fr\/fsm-gestion-de-proprietes\/","og_locale":"fr_FR","og_type":"article","og_title":"FSM GESTION DE PROPRI\u00c9T\u00c9S - Finest Stay","og_url":"https:\/\/www.fineststaymarbella.com\/fr\/fsm-gestion-de-proprietes\/","og_site_name":"Finest Stay","article_publisher":"https:\/\/www.facebook.com\/fineststaymarbella\/","article_modified_time":"2018-06-18T09:51:57+00:00","twitter_card":"summary_large_image","twitter_misc":{"Dur\u00e9e de lecture estim\u00e9e":"8 minutes"},"schema":{"@context":"https:\/\/schema.org","@graph":[{"@type":"WebPage","@id":"https:\/\/www.fineststaymarbella.com\/fr\/fsm-gestion-de-proprietes\/","url":"https:\/\/www.fineststaymarbella.com\/fr\/fsm-gestion-de-proprietes\/","name":"FSM GESTION DE PROPRI\u00c9T\u00c9S - Finest Stay","isPartOf":{"@id":"https:\/\/www.fineststaymarbella.com\/fr\/#website"},"datePublished":"2018-06-12T14:51:54+00:00","dateModified":"2018-06-18T09:51:57+00:00","breadcrumb":{"@id":"https:\/\/www.fineststaymarbella.com\/fr\/fsm-gestion-de-proprietes\/#breadcrumb"},"inLanguage":"fr-FR","potentialAction":[{"@type":"ReadAction","target":["https:\/\/www.fineststaymarbella.com\/fr\/fsm-gestion-de-proprietes\/"]}]},{"@type":"BreadcrumbList","@id":"https:\/\/www.fineststaymarbella.com\/fr\/fsm-gestion-de-proprietes\/#breadcrumb","itemListElement":[{"@type":"ListItem","position":1,"name":"Portada","item":"https:\/\/www.fineststaymarbella.com\/fr\/"},{"@type":"ListItem","position":2,"name":"FSM GESTION DE PROPRI\u00c9T\u00c9S"}]},{"@type":"WebSite","@id":"https:\/\/www.fineststaymarbella.com\/fr\/#website","url":"https:\/\/www.fineststaymarbella.com\/fr\/","name":"Finest Stay","description":"Real estate in Marbella","potentialAction":[{"@type":"SearchAction","target":{"@type":"EntryPoint","urlTemplate":"https:\/\/www.fineststaymarbella.com\/fr\/?s={search_term_string}"},"query-input":{"@type":"PropertyValueSpecification","valueRequired":true,"valueName":"search_term_string"}}],"inLanguage":"fr-FR"}]}},"_links":{"self":[{"href":"https:\/\/www.fineststaymarbella.com\/fr\/wp-json\/wp\/v2\/pages\/4314"}],"collection":[{"href":"https:\/\/www.fineststaymarbella.com\/fr\/wp-json\/wp\/v2\/pages"}],"about":[{"href":"https:\/\/www.fineststaymarbella.com\/fr\/wp-json\/wp\/v2\/types\/page"}],"author":[{"embeddable":true,"href":"https:\/\/www.fineststaymarbella.com\/fr\/wp-json\/wp\/v2\/users\/1"}],"replies":[{"embeddable":true,"href":"https:\/\/www.fineststaymarbella.com\/fr\/wp-json\/wp\/v2\/comments?post=4314"}],"version-history":[{"count":7,"href":"https:\/\/www.fineststaymarbella.com\/fr\/wp-json\/wp\/v2\/pages\/4314\/revisions"}],"predecessor-version":[{"id":4376,"href":"https:\/\/www.fineststaymarbella.com\/fr\/wp-json\/wp\/v2\/pages\/4314\/revisions\/4376"}],"wp:attachment":[{"href":"https:\/\/www.fineststaymarbella.com\/fr\/wp-json\/wp\/v2\/media?parent=4314"}],"curies":[{"name":"wp","href":"https:\/\/api.w.org\/{rel}","templated":true}]}}