{"id":4320,"date":"2018-06-12T14:51:57","date_gmt":"2018-06-12T14:51:57","guid":{"rendered":"http:\/\/www.fineststaymarbella.com\/?page_id=4320"},"modified":"2018-06-13T08:10:49","modified_gmt":"2018-06-13T08:10:49","slug":"fsm-immobilier","status":"publish","type":"page","link":"https:\/\/www.fineststaymarbella.com\/fr\/fsm-immobilier\/","title":{"rendered":"FSM IMMOBILIER"},"content":{"rendered":"<\/div><\/div><\/div><!-- close content main div --><\/div><\/div><div id='av_section_1' class='avia-section main_color avia-section-no-padding avia-no-border-styling av-parallax-section avia-bg-style-parallax   av-minimum-height av-minimum-height-custom container_wrap sidebar_right'  data-section-bg-repeat='no-repeat' ><div class='av-parallax' data-avia-parallax-ratio='0.3' ><div class='av-parallax-inner main_color  avia-full-stretch' style = 'background-repeat: no-repeat; background-image: url(https:\/\/www.fineststaymarbella.com\/wp-content\/uploads\/2018\/01\/puerto-banus-806346_1920.jpg); background-attachment: scroll; background-position: center center; ' ><\/div><\/div><div class='container' style='height:500px'><div class='template-page content  av-content-small alpha units'><div class='post-entry post-entry-type-page post-entry-4320'><div class='entry-content-wrapper clearfix'><\/div><\/div><\/div><!-- close content main div --><\/div><\/div><div id='after_section_1' class='main_color av_default_container_wrap container_wrap sidebar_right'   ><div class='container' ><div class='template-page content  av-content-small alpha units'><div class='post-entry post-entry-type-page post-entry-4320'><div class='entry-content-wrapper clearfix'>\n<\/div><\/div><\/div><!-- close content main div --><\/div><\/div><div id='av_section_2' class='avia-section main_color avia-section-default avia-no-shadow avia-bg-style-scroll   container_wrap sidebar_right' style = 'background-color: #ffffff; '  ><div class='container' ><div class='template-page content  av-content-small alpha units'><div class='post-entry post-entry-type-page post-entry-4320'><div class='entry-content-wrapper clearfix'>\n<div class=\"flex_column av_one_full  flex_column_div av-zero-column-padding first  \" style='border-radius:0px; '><div style='padding-bottom:15px;color:#00758d;font-size:30px;' class='av-special-heading av-special-heading-h1 custom-color-heading blockquote modern-quote  av-inherit-size '><h1 class='av-special-heading-tag '  itemprop=\"headline\"  >FSM IMMOBILIER<\/h1><div class='special-heading-border'><div class='special-heading-inner-border' style='border-color:#00758d'><\/div><\/div><\/div><\/div><div class=\"flex_column av_one_half  flex_column_div av-zero-column-padding first  \" style='border-radius:0px; '><p><section class=\"av_textblock_section \"  itemscope=\"itemscope\" itemtype=\"https:\/\/schema.org\/CreativeWork\" ><div class='avia_textblock  '  style='font-size:18px; '  itemprop=\"text\" ><span class=\"av_font_icon avia_animate_when_visible  av-icon-style-  avia-icon-pos-left \" style=\"color:#00758d; border-color:#00758d;\"><span class='av-icon-char' style='font-size:20px;line-height:20px;' aria-hidden='true' data-av_icon='\ue833' data-av_iconfont='entypo-fontello' ><\/span><\/span>\n<div class=\"clearfix\"><\/div>\n<p>FSM Immobilier fournit des conseils ind\u00e9pendants, avis\u00e9s et professionnels sur les propri\u00e9t\u00e9s \u00e0 Marbella et aux alentours.<\/p>\n<\/div><\/section><br \/>\n<div style='height:30px' class='hr hr-invisible  '><span class='hr-inner ' ><span class='hr-inner-style'><\/span><\/span><\/div><br \/>\n<section class=\"av_textblock_section \"  itemscope=\"itemscope\" itemtype=\"https:\/\/schema.org\/CreativeWork\" ><div class='avia_textblock  '   itemprop=\"text\" ><p><strong>FSM Immobilier<\/strong> fait partie d&rsquo;un r\u00e9seau d&rsquo;agences qui domine le march\u00e9, ce qui nous permet d&rsquo;offrir aux propri\u00e9t\u00e9s de nos clients une <strong>exposition adapt\u00e9e sur le march\u00e9<\/strong>. Nous g\u00e9rons la vente de propri\u00e9t\u00e9s au nom de nos clients et les <strong>conseillons sur les strat\u00e9gies de prix \u00e0 adopter<\/strong> et sur les fa\u00e7ons <strong>d&rsquo;optimiser la pr\u00e9sentation<\/strong> du bien, afin d&rsquo;obtenir les <strong>meilleurs r\u00e9sultats possibles<\/strong>.<\/p>\n<p>En plus de la liste de propri\u00e9t\u00e9s exclusives de FSM Immobilier, nous avons \u00e9galement acc\u00e8s aux <strong>plus belles propri\u00e9t\u00e9s de Marbella<\/strong> et des environs, pour nos clients qui souhaitent acheter.<\/p>\n<p>Que vous souhaitiez acheter ou vendre, nous sommes conscients que la communication est primordiale. C&rsquo;est pourquoi nous d\u00e9finissons des directives claires avec nos clients et d\u00e9ployons les efforts n\u00e9cessaires pour atteindre les objectifs fix\u00e9s.<\/p>\n<\/div><\/section><\/p><\/div><div class=\"flex_column av_one_half  flex_column_div av-zero-column-padding   \" style='border-radius:0px; '><p><div style='height:40px' class='hr hr-invisible  '><span class='hr-inner ' ><span class='hr-inner-style'><\/span><\/span><\/div><br \/>\n<div class='avia-image-container  av-styling-no-styling    avia-align-center '  itemscope=\"itemscope\" itemtype=\"https:\/\/schema.org\/ImageObject\"  ><div class='avia-image-container-inner'><img class='avia_image ' src='https:\/\/www.fineststaymarbella.com\/wp-content\/uploads\/2018\/02\/FinestStay-real-estate-st.jpg' alt='' title='FinestStay-real-estate-st'   itemprop=\"thumbnailUrl\"  \/><\/div><\/div><\/p><\/div><\/div><\/div><\/div><!-- close content main div --><\/div><\/div><div id='after_section_2' class='main_color av_default_container_wrap container_wrap sidebar_right'   ><div class='container' ><div class='template-page content  av-content-small alpha units'><div class='post-entry post-entry-type-page post-entry-4320'><div class='entry-content-wrapper clearfix'><\/div><\/div><\/div><!-- close content main div --><\/div><\/div><div id='searchbar' class='avia-section main_color avia-section-no-padding avia-no-shadow avia-bg-style-scroll   container_wrap sidebar_right'   ><div class='container' ><div class='template-page content  av-content-small alpha units'><div class='post-entry post-entry-type-page post-entry-4320'><div class='entry-content-wrapper clearfix'>\n<section class=\"av_textblock_section \"  itemscope=\"itemscope\" itemtype=\"https:\/\/schema.org\/CreativeWork\" ><div class='avia_textblock  '   itemprop=\"text\" ><p>[insert_php]<br \/>\n$properties = file_get_contents(\u00ab\u00a0http:\/\/www.fineststaymarbella.com\/fr\/searchform.html\u00a0\u00bb);<br \/>\necho $properties;<br \/>\n[\/insert_php]<\/p>\n<\/div><\/section>\n<\/div><\/div><\/div><!-- close content main div --><\/div><\/div><div id='after_section_3' class='main_color av_default_container_wrap container_wrap sidebar_right'   ><div class='container' ><div class='template-page content  av-content-small alpha units'><div class='post-entry post-entry-type-page post-entry-4320'><div class='entry-content-wrapper clearfix'><\/div><\/div><\/div><!-- close content main div --><\/div><\/div><div id='av_section_4' class='avia-section main_color avia-section-default avia-no-border-styling avia-bg-style-scroll   container_wrap sidebar_right' style = 'background-color: #ffffff; '  ><div class='container' ><div class='template-page content  av-content-small alpha units'><div class='post-entry post-entry-type-page post-entry-4320'><div class='entry-content-wrapper clearfix'>\n<section class=\"av_textblock_section \"  itemscope=\"itemscope\" itemtype=\"https:\/\/schema.org\/CreativeWork\" ><div class='avia_textblock  '   itemprop=\"text\" ><p>[insert_php]<br \/>\n$properties = file_get_contents(&lsquo;http:\/\/www.fineststaymarbella.com\/fr\/index_latest.html&rsquo;);<br \/>\necho $properties;<br \/>\n[\/insert_php]<\/p>\n<\/div><\/section>\n<\/div><\/div><\/div><!-- close content main div --><\/div><\/div><div id='after_section_4' class='main_color av_default_container_wrap container_wrap sidebar_right'   ><div class='container' ><div class='template-page content  av-content-small alpha units'><div class='post-entry post-entry-type-page post-entry-4320'><div class='entry-content-wrapper clearfix'><\/p>\n","protected":false},"excerpt":{"rendered":"","protected":false},"author":1,"featured_media":0,"parent":0,"menu_order":0,"comment_status":"closed","ping_status":"closed","template":"","meta":{"footnotes":""},"class_list":["post-4320","page","type-page","status-publish","hentry"],"yoast_head":"<!-- This site is optimized with the Yoast SEO plugin v25.6 - https:\/\/yoast.com\/wordpress\/plugins\/seo\/ -->\n<title>FSM IMMOBILIER - Finest Stay<\/title>\n<meta name=\"robots\" content=\"index, follow, max-snippet:-1, max-image-preview:large, max-video-preview:-1\" \/>\n<link rel=\"canonical\" href=\"https:\/\/www.fineststaymarbella.com\/fr\/fsm-immobilier\/\" \/>\n<meta property=\"og:locale\" content=\"fr_FR\" \/>\n<meta property=\"og:type\" content=\"article\" \/>\n<meta property=\"og:title\" content=\"FSM IMMOBILIER - Finest Stay\" \/>\n<meta property=\"og:url\" content=\"https:\/\/www.fineststaymarbella.com\/fr\/fsm-immobilier\/\" \/>\n<meta property=\"og:site_name\" content=\"Finest Stay\" \/>\n<meta property=\"article:publisher\" content=\"https:\/\/www.facebook.com\/fineststaymarbella\/\" \/>\n<meta property=\"article:modified_time\" content=\"2018-06-13T08:10:49+00:00\" \/>\n<meta name=\"twitter:card\" content=\"summary_large_image\" \/>\n<meta name=\"twitter:label1\" content=\"Dur\u00e9e de lecture estim\u00e9e\" \/>\n\t<meta name=\"twitter:data1\" content=\"5 minutes\" \/>\n<script type=\"application\/ld+json\" class=\"yoast-schema-graph\">{\"@context\":\"https:\/\/schema.org\",\"@graph\":[{\"@type\":\"WebPage\",\"@id\":\"https:\/\/www.fineststaymarbella.com\/fr\/fsm-immobilier\/\",\"url\":\"https:\/\/www.fineststaymarbella.com\/fr\/fsm-immobilier\/\",\"name\":\"FSM IMMOBILIER - Finest Stay\",\"isPartOf\":{\"@id\":\"https:\/\/www.fineststaymarbella.com\/fr\/#website\"},\"datePublished\":\"2018-06-12T14:51:57+00:00\",\"dateModified\":\"2018-06-13T08:10:49+00:00\",\"breadcrumb\":{\"@id\":\"https:\/\/www.fineststaymarbella.com\/fr\/fsm-immobilier\/#breadcrumb\"},\"inLanguage\":\"fr-FR\",\"potentialAction\":[{\"@type\":\"ReadAction\",\"target\":[\"https:\/\/www.fineststaymarbella.com\/fr\/fsm-immobilier\/\"]}]},{\"@type\":\"BreadcrumbList\",\"@id\":\"https:\/\/www.fineststaymarbella.com\/fr\/fsm-immobilier\/#breadcrumb\",\"itemListElement\":[{\"@type\":\"ListItem\",\"position\":1,\"name\":\"Portada\",\"item\":\"https:\/\/www.fineststaymarbella.com\/fr\/\"},{\"@type\":\"ListItem\",\"position\":2,\"name\":\"FSM IMMOBILIER\"}]},{\"@type\":\"WebSite\",\"@id\":\"https:\/\/www.fineststaymarbella.com\/fr\/#website\",\"url\":\"https:\/\/www.fineststaymarbella.com\/fr\/\",\"name\":\"Finest Stay\",\"description\":\"Real estate in Marbella\",\"potentialAction\":[{\"@type\":\"SearchAction\",\"target\":{\"@type\":\"EntryPoint\",\"urlTemplate\":\"https:\/\/www.fineststaymarbella.com\/fr\/?s={search_term_string}\"},\"query-input\":{\"@type\":\"PropertyValueSpecification\",\"valueRequired\":true,\"valueName\":\"search_term_string\"}}],\"inLanguage\":\"fr-FR\"}]}<\/script>\n<!-- \/ Yoast SEO plugin. -->","yoast_head_json":{"title":"FSM IMMOBILIER - Finest Stay","robots":{"index":"index","follow":"follow","max-snippet":"max-snippet:-1","max-image-preview":"max-image-preview:large","max-video-preview":"max-video-preview:-1"},"canonical":"https:\/\/www.fineststaymarbella.com\/fr\/fsm-immobilier\/","og_locale":"fr_FR","og_type":"article","og_title":"FSM IMMOBILIER - Finest Stay","og_url":"https:\/\/www.fineststaymarbella.com\/fr\/fsm-immobilier\/","og_site_name":"Finest Stay","article_publisher":"https:\/\/www.facebook.com\/fineststaymarbella\/","article_modified_time":"2018-06-13T08:10:49+00:00","twitter_card":"summary_large_image","twitter_misc":{"Dur\u00e9e de lecture estim\u00e9e":"5 minutes"},"schema":{"@context":"https:\/\/schema.org","@graph":[{"@type":"WebPage","@id":"https:\/\/www.fineststaymarbella.com\/fr\/fsm-immobilier\/","url":"https:\/\/www.fineststaymarbella.com\/fr\/fsm-immobilier\/","name":"FSM IMMOBILIER - Finest Stay","isPartOf":{"@id":"https:\/\/www.fineststaymarbella.com\/fr\/#website"},"datePublished":"2018-06-12T14:51:57+00:00","dateModified":"2018-06-13T08:10:49+00:00","breadcrumb":{"@id":"https:\/\/www.fineststaymarbella.com\/fr\/fsm-immobilier\/#breadcrumb"},"inLanguage":"fr-FR","potentialAction":[{"@type":"ReadAction","target":["https:\/\/www.fineststaymarbella.com\/fr\/fsm-immobilier\/"]}]},{"@type":"BreadcrumbList","@id":"https:\/\/www.fineststaymarbella.com\/fr\/fsm-immobilier\/#breadcrumb","itemListElement":[{"@type":"ListItem","position":1,"name":"Portada","item":"https:\/\/www.fineststaymarbella.com\/fr\/"},{"@type":"ListItem","position":2,"name":"FSM IMMOBILIER"}]},{"@type":"WebSite","@id":"https:\/\/www.fineststaymarbella.com\/fr\/#website","url":"https:\/\/www.fineststaymarbella.com\/fr\/","name":"Finest Stay","description":"Real estate in Marbella","potentialAction":[{"@type":"SearchAction","target":{"@type":"EntryPoint","urlTemplate":"https:\/\/www.fineststaymarbella.com\/fr\/?s={search_term_string}"},"query-input":{"@type":"PropertyValueSpecification","valueRequired":true,"valueName":"search_term_string"}}],"inLanguage":"fr-FR"}]}},"_links":{"self":[{"href":"https:\/\/www.fineststaymarbella.com\/fr\/wp-json\/wp\/v2\/pages\/4320"}],"collection":[{"href":"https:\/\/www.fineststaymarbella.com\/fr\/wp-json\/wp\/v2\/pages"}],"about":[{"href":"https:\/\/www.fineststaymarbella.com\/fr\/wp-json\/wp\/v2\/types\/page"}],"author":[{"embeddable":true,"href":"https:\/\/www.fineststaymarbella.com\/fr\/wp-json\/wp\/v2\/users\/1"}],"replies":[{"embeddable":true,"href":"https:\/\/www.fineststaymarbella.com\/fr\/wp-json\/wp\/v2\/comments?post=4320"}],"version-history":[{"count":4,"href":"https:\/\/www.fineststaymarbella.com\/fr\/wp-json\/wp\/v2\/pages\/4320\/revisions"}],"predecessor-version":[{"id":4369,"href":"https:\/\/www.fineststaymarbella.com\/fr\/wp-json\/wp\/v2\/pages\/4320\/revisions\/4369"}],"wp:attachment":[{"href":"https:\/\/www.fineststaymarbella.com\/fr\/wp-json\/wp\/v2\/media?parent=4320"}],"curies":[{"name":"wp","href":"https:\/\/api.w.org\/{rel}","templated":true}]}}